{"id":5652,"date":"2015-09-17T07:46:03","date_gmt":"2015-09-17T07:46:03","guid":{"rendered":"https:\/\/laperledanrosey.nl\/contact\/"},"modified":"2022-11-19T09:06:33","modified_gmt":"2022-11-19T09:06:33","slug":"contact","status":"publish","type":"page","link":"https:\/\/laperledanrosey.nl\/fr\/contact\/","title":{"rendered":"Contact"},"content":{"rendered":"<p><span class=\"HwtZe\" lang=\"fr\"><span class=\"jCAhz ChMk0b\"><span class=\"ryNqvb\">Vous \u00eates curieux des possibilit\u00e9s de s\u00e9jour \u00e0 la Perle d&rsquo;Anrosey ou vous avez une autre question ?<\/span><\/span> <span class=\"jCAhz ChMk0b\"><span class=\"ryNqvb\">Vous pouvez nous soumettre votre question via le formulaire de contact ci-dessous.<\/span><\/span> <span class=\"jCAhz ChMk0b\"><span class=\"ryNqvb\">Bien s\u00fbr, vous pouvez \u00e9galement faire une demande de r\u00e9servation.<\/span><\/span> <span class=\"jCAhz ChMk0b\"><span class=\"ryNqvb\">Nous vous contacterons ensuite dans les 4 heures.<\/span><\/span> <span class=\"jCAhz ChMk0b\"><span class=\"ryNqvb\">Vous pouvez consulter la disponibilit\u00e9 des chambres sur notre module de r\u00e9servation et r\u00e9server imm\u00e9diatement votre forfait ou nuit\u00e9e avec \u00e9ventuellement lits suppl\u00e9mentaires et table d&rsquo;h\u00f4tes.<\/span><\/span><\/span><\/p>\n<script type=\"text\/javascript\">\n\/* <![CDATA[ *\/\nvar gform;gform||(document.addEventListener(\"gform_main_scripts_loaded\",function(){gform.scriptsLoaded=!0}),document.addEventListener(\"gform\/theme\/scripts_loaded\",function(){gform.themeScriptsLoaded=!0}),window.addEventListener(\"DOMContentLoaded\",function(){gform.domLoaded=!0}),gform={domLoaded:!1,scriptsLoaded:!1,themeScriptsLoaded:!1,isFormEditor:()=>\"function\"==typeof InitializeEditor,callIfLoaded:function(o){return!(!gform.domLoaded||!gform.scriptsLoaded||!gform.themeScriptsLoaded&&!gform.isFormEditor()||(gform.isFormEditor()&&console.warn(\"The use of gform.initializeOnLoaded() is deprecated in the form editor context and will be removed in Gravity Forms 3.1.\"),o(),0))},initializeOnLoaded:function(o){gform.callIfLoaded(o)||(document.addEventListener(\"gform_main_scripts_loaded\",()=>{gform.scriptsLoaded=!0,gform.callIfLoaded(o)}),document.addEventListener(\"gform\/theme\/scripts_loaded\",()=>{gform.themeScriptsLoaded=!0,gform.callIfLoaded(o)}),window.addEventListener(\"DOMContentLoaded\",()=>{gform.domLoaded=!0,gform.callIfLoaded(o)}))},hooks:{action:{},filter:{}},addAction:function(o,r,e,t){gform.addHook(\"action\",o,r,e,t)},addFilter:function(o,r,e,t){gform.addHook(\"filter\",o,r,e,t)},doAction:function(o){gform.doHook(\"action\",o,arguments)},applyFilters:function(o){return gform.doHook(\"filter\",o,arguments)},removeAction:function(o,r){gform.removeHook(\"action\",o,r)},removeFilter:function(o,r,e){gform.removeHook(\"filter\",o,r,e)},addHook:function(o,r,e,t,n){null==gform.hooks[o][r]&&(gform.hooks[o][r]=[]);var d=gform.hooks[o][r];null==n&&(n=r+\"_\"+d.length),gform.hooks[o][r].push({tag:n,callable:e,priority:t=null==t?10:t})},doHook:function(r,o,e){var t;if(e=Array.prototype.slice.call(e,1),null!=gform.hooks[r][o]&&((o=gform.hooks[r][o]).sort(function(o,r){return o.priority-r.priority}),o.forEach(function(o){\"function\"!=typeof(t=o.callable)&&(t=window[t]),\"action\"==r?t.apply(null,e):e[0]=t.apply(null,e)})),\"filter\"==r)return e[0]},removeHook:function(o,r,t,n){var e;null!=gform.hooks[o][r]&&(e=(e=gform.hooks[o][r]).filter(function(o,r,e){return!!(null!=n&&n!=o.tag||null!=t&&t!=o.priority)}),gform.hooks[o][r]=e)}});\n\/* ]]> *\/\n<\/script>\n\n                <div class='gf_browser_gecko gform_wrapper gform_legacy_markup_wrapper gform-theme--no-framework' data-form-theme='legacy' data-form-index='0' id='gform_wrapper_1' ><div id='gf_1' class='gform_anchor' tabindex='-1'><\/div><form method='post' enctype='multipart\/form-data' target='gform_ajax_frame_1' id='gform_1'  action='\/fr\/wp-json\/wp\/v2\/pages\/5652#gf_1' data-formid='1' novalidate>\n                        <div class='gform-body gform_body'><ul id='gform_fields_1' class='gform_fields top_label form_sublabel_below description_below validation_below'><li id=\"field_1_1\" class=\"gfield gfield--type-text gfield_contains_required field_sublabel_below gfield--no-description field_description_below field_validation_below gfield_visibility_visible\"  ><label class='gfield_label gform-field-label' for='input_1_1'>Volledige naam<span class=\"gfield_required\"><span class=\"gfield_required gfield_required_asterisk\">*<\/span><\/span><\/label><div class='ginput_container ginput_container_text'><input name='input_1' id='input_1_1' type='text' value='' class='medium'     aria-required=\"true\" aria-invalid=\"false\"   \/><\/div><\/li><li id=\"field_1_2\" class=\"gfield gfield--type-email gfield_contains_required field_sublabel_below gfield--no-description field_description_below field_validation_below gfield_visibility_visible\"  ><label class='gfield_label gform-field-label' for='input_1_2'>E-mail Adress<span class=\"gfield_required\"><span class=\"gfield_required gfield_required_asterisk\">*<\/span><\/span><\/label><div class='ginput_container ginput_container_email'>\n                            <input name='input_2' id='input_1_2' type='email' value='' class='medium'    aria-required=\"true\" aria-invalid=\"false\"  \/>\n                        <\/div><\/li><li id=\"field_1_4\" class=\"gfield gfield--type-text field_sublabel_below gfield--no-description field_description_below field_validation_below gfield_visibility_visible\"  ><label class='gfield_label gform-field-label' for='input_1_4'>Telefoonnummer<\/label><div class='ginput_container ginput_container_text'><input name='input_4' id='input_1_4' type='text' value='' class='medium'      aria-invalid=\"false\"   \/><\/div><\/li><li id=\"field_1_3\" class=\"gfield gfield--type-textarea field_sublabel_below gfield--no-description field_description_below field_validation_below gfield_visibility_visible\"  ><label class='gfield_label gform-field-label' for='input_1_3'>Uw bericht ...<\/label><div class='ginput_container ginput_container_textarea'><textarea name='input_3' id='input_1_3' class='textarea medium'      aria-invalid=\"false\"   rows='10' cols='50'><\/textarea><\/div><\/li><\/ul><\/div>\n        <div class='gform-footer gform_footer top_label'> <input type='submit' id='gform_submit_button_1' class='gform_button button' onclick='gform.submission.handleButtonClick(this);' data-submission-type='submit' value='Verzenden \/ Envoyer'  \/> <input type='hidden' name='gform_ajax' value='form_id=1&amp;title=&amp;description=&amp;tabindex=0&amp;theme=legacy&amp;styles=[]&amp;hash=41e0a7d958102c50c84b81b05d56c2a6' \/>\n            <input type='hidden' class='gform_hidden' name='gform_submission_method' data-js='gform_submission_method_1' value='iframe' \/>\n            <input type='hidden' class='gform_hidden' name='gform_theme' data-js='gform_theme_1' id='gform_theme_1' value='legacy' \/>\n            <input type='hidden' class='gform_hidden' name='gform_style_settings' data-js='gform_style_settings_1' id='gform_style_settings_1' value='[]' \/>\n            <input type='hidden' class='gform_hidden' name='is_submit_1' value='1' \/>\n            <input type='hidden' class='gform_hidden' name='gform_submit' value='1' \/>\n            \n            <input type='hidden' class='gform_hidden' name='gform_currency' data-currency='USD' value='lVjsr16QVBl3gDFscAHFUYehU4ZEqsC+sqid0GAsnqa5ztsVhIQHn\/1Pi1pU2ektI\/sTVHH0DIgbkmanPZicXwpWRuVPxs\/V2Hi\/64hcVqp9zcE=' \/>\n            <input type='hidden' class='gform_hidden' name='gform_unique_id' value='' \/>\n            <input type='hidden' class='gform_hidden' name='state_1' value='WyJbXSIsImM4ZmNjNDBlODRmYjQ0ZDMzMTkxOTM2ZThkOTBhYjM4Il0=' \/>\n            <input type='hidden' autocomplete='off' class='gform_hidden' name='gform_target_page_number_1' id='gform_target_page_number_1' value='0' \/>\n            <input type='hidden' autocomplete='off' class='gform_hidden' name='gform_source_page_number_1' id='gform_source_page_number_1' value='1' \/>\n            <input type='hidden' name='gform_field_values' value='' \/>\n            \n        <\/div>\n                        <\/form>\n                        <\/div>\n\t\t                <iframe style='display:none;width:0px;height:0px;' src='about:blank' name='gform_ajax_frame_1' id='gform_ajax_frame_1' title='Cette iframe contient la logique n\u00e9cessaire pour manipuler Gravity Forms avec Ajax.'><\/iframe>\n\t\t                <script type=\"text\/javascript\">\n\/* <![CDATA[ *\/\n gform.initializeOnLoaded( function() {gformInitSpinner( 1, 'https:\/\/laperledanrosey.nl\/wp-content\/plugins\/gravityforms\/images\/spinner.svg', true );jQuery('#gform_ajax_frame_1').on('load',function(){var contents = jQuery(this).contents().find('*').html();var is_postback = contents.indexOf('GF_AJAX_POSTBACK') >= 0;if(!is_postback){return;}var form_content = jQuery(this).contents().find('#gform_wrapper_1');var is_confirmation = jQuery(this).contents().find('#gform_confirmation_wrapper_1').length > 0;var is_redirect = contents.indexOf('gformRedirect(){') >= 0;var is_form = form_content.length > 0 && ! is_redirect && ! is_confirmation;var mt = parseInt(jQuery('html').css('margin-top'), 10) + parseInt(jQuery('body').css('margin-top'), 10) + 100;if(is_form){jQuery('#gform_wrapper_1').html(form_content.html());if(form_content.hasClass('gform_validation_error')){jQuery('#gform_wrapper_1').addClass('gform_validation_error');} else {jQuery('#gform_wrapper_1').removeClass('gform_validation_error');}setTimeout( function() { \/* delay the scroll by 50 milliseconds to fix a bug in chrome *\/ jQuery(document).scrollTop(jQuery('#gform_wrapper_1').offset().top - mt); }, 50 );if(window['gformInitDatepicker']) {gformInitDatepicker();}if(window['gformInitPriceFields']) {gformInitPriceFields();}var current_page = jQuery('#gform_source_page_number_1').val();gformInitSpinner( 1, 'https:\/\/laperledanrosey.nl\/wp-content\/plugins\/gravityforms\/images\/spinner.svg', true );jQuery(document).trigger('gform_page_loaded', [1, current_page]);window['gf_submitting_1'] = false;}else if(!is_redirect){var confirmation_content = jQuery(this).contents().find('.GF_AJAX_POSTBACK').html();if(!confirmation_content){confirmation_content = contents;}jQuery('#gform_wrapper_1').replaceWith(confirmation_content);jQuery(document).scrollTop(jQuery('#gf_1').offset().top - mt);jQuery(document).trigger('gform_confirmation_loaded', [1]);window['gf_submitting_1'] = false;wp.a11y.speak(jQuery('#gform_confirmation_message_1').text());}else{jQuery('#gform_1').append(contents);if(window['gformRedirect']) {gformRedirect();}}jQuery(document).trigger(\"gform_pre_post_render\", [{ formId: \"1\", currentPage: \"current_page\", abort: function() { this.preventDefault(); } }]);        if (event && event.defaultPrevented) {                return;        }        const gformWrapperDiv = document.getElementById( \"gform_wrapper_1\" );        if ( gformWrapperDiv ) {            const visibilitySpan = document.createElement( \"span\" );            visibilitySpan.id = \"gform_visibility_test_1\";            gformWrapperDiv.insertAdjacentElement( \"afterend\", visibilitySpan );        }        const visibilityTestDiv = document.getElementById( \"gform_visibility_test_1\" );        let postRenderFired = false;        function triggerPostRender() {            if ( postRenderFired ) {                return;            }            postRenderFired = true;            gform.core.triggerPostRenderEvents( 1, current_page );            if ( visibilityTestDiv ) {                visibilityTestDiv.parentNode.removeChild( visibilityTestDiv );            }        }        function debounce( func, wait, immediate ) {            var timeout;            return function() {                var context = this, args = arguments;                var later = function() {                    timeout = null;                    if ( !immediate ) func.apply( context, args );                };                var callNow = immediate && !timeout;                clearTimeout( timeout );                timeout = setTimeout( later, wait );                if ( callNow ) func.apply( context, args );            };        }        const debouncedTriggerPostRender = debounce( function() {            triggerPostRender();        }, 200 );        if ( visibilityTestDiv && visibilityTestDiv.offsetParent === null ) {            const observer = new MutationObserver( ( mutations ) => {                mutations.forEach( ( mutation ) => {                    if ( mutation.type === 'attributes' && visibilityTestDiv.offsetParent !== null ) {                        debouncedTriggerPostRender();                        observer.disconnect();                    }                });            });            observer.observe( document.body, {                attributes: true,                childList: false,                subtree: true,                attributeFilter: [ 'style', 'class' ],            });        } else {            triggerPostRender();        }    } );} ); \n\/* ]]> *\/\n<\/script>\n\n<p>&nbsp;<\/p>\n","protected":false},"excerpt":{"rendered":"<p>Vous \u00eates curieux des possibilit\u00e9s de s\u00e9jour \u00e0 la Perle d&rsquo;Anrosey ou vous avez une autre question ? Vous pouvez nous soumettre votre question via le formulaire de contact ci-dessous. Bien s\u00fbr, vous pouvez \u00e9galement faire une demande de r\u00e9servation. Nous vous contacterons ensuite dans les 4 heures. Vous pouvez consulter la disponibilit\u00e9 des chambres [&hellip;]<\/p>\n","protected":false},"author":1,"featured_media":8875,"parent":0,"menu_order":0,"comment_status":"closed","ping_status":"closed","template":"","meta":{"_acf_changed":false,"_joinchat":[],"footnotes":""},"class_list":["post-5652","page","type-page","status-publish","has-post-thumbnail","hentry"],"acf":[],"yoast_head":"<!-- This site is optimized with the Yoast SEO plugin v27.3 - https:\/\/yoast.com\/product\/yoast-seo-wordpress\/ -->\n<title>Contact - La Perle d&#039;Anrosey<\/title>\n<meta name=\"robots\" content=\"index, follow, max-snippet:-1, max-image-preview:large, max-video-preview:-1\" \/>\n<link rel=\"canonical\" href=\"https:\/\/laperledanrosey.nl\/fr\/contact\/\" \/>\n<meta property=\"og:locale\" content=\"fr_FR\" \/>\n<meta property=\"og:type\" content=\"article\" \/>\n<meta property=\"og:title\" content=\"Contact - La Perle d&#039;Anrosey\" \/>\n<meta property=\"og:description\" content=\"Vous \u00eates curieux des possibilit\u00e9s de s\u00e9jour \u00e0 la Perle d&rsquo;Anrosey ou vous avez une autre question ? Vous pouvez nous soumettre votre question via le formulaire de contact ci-dessous. Bien s\u00fbr, vous pouvez \u00e9galement faire une demande de r\u00e9servation. Nous vous contacterons ensuite dans les 4 heures. Vous pouvez consulter la disponibilit\u00e9 des chambres [&hellip;]\" \/>\n<meta property=\"og:url\" content=\"https:\/\/laperledanrosey.nl\/fr\/contact\/\" \/>\n<meta property=\"og:site_name\" content=\"La Perle d&#039;Anrosey\" \/>\n<meta property=\"article:publisher\" content=\"https:\/\/www.facebook.com\/La-Perle-dAnrosey-Chambres-dHotes-BB-242599479201961\/?eid=ARC3JPriV08_7MtcuQQhABL0yQE0ZG26r6p6cKUmnd-jWSiUV8XpBh5_Gjm2PwOaZhpGdmDl65THhVLi\" \/>\n<meta property=\"article:modified_time\" content=\"2022-11-19T09:06:33+00:00\" \/>\n<meta property=\"og:image\" content=\"https:\/\/laperledanrosey.nl\/wp-content\/uploads\/2021\/02\/BB-la-Perle-dAnrosey-scaled-e1612208298606.jpeg\" \/>\n\t<meta property=\"og:image:width\" content=\"2560\" \/>\n\t<meta property=\"og:image:height\" content=\"1920\" \/>\n\t<meta property=\"og:image:type\" content=\"image\/jpeg\" \/>\n<meta name=\"twitter:card\" content=\"summary_large_image\" \/>\n<meta name=\"twitter:label1\" content=\"Dur\u00e9e de lecture estim\u00e9e\" \/>\n\t<meta name=\"twitter:data1\" content=\"1 minute\" \/>\n<script type=\"application\/ld+json\" class=\"yoast-schema-graph\">{\"@context\":\"https:\\\/\\\/schema.org\",\"@graph\":[{\"@type\":\"WebPage\",\"@id\":\"https:\\\/\\\/laperledanrosey.nl\\\/fr\\\/contact\\\/\",\"url\":\"https:\\\/\\\/laperledanrosey.nl\\\/fr\\\/contact\\\/\",\"name\":\"Contact - La Perle d'Anrosey\",\"isPartOf\":{\"@id\":\"https:\\\/\\\/laperledanrosey.nl\\\/#website\"},\"primaryImageOfPage\":{\"@id\":\"https:\\\/\\\/laperledanrosey.nl\\\/fr\\\/contact\\\/#primaryimage\"},\"image\":{\"@id\":\"https:\\\/\\\/laperledanrosey.nl\\\/fr\\\/contact\\\/#primaryimage\"},\"thumbnailUrl\":\"https:\\\/\\\/laperledanrosey.nl\\\/wp-content\\\/uploads\\\/2021\\\/02\\\/BB-la-Perle-dAnrosey-scaled-e1612208298606.jpeg\",\"datePublished\":\"2015-09-17T07:46:03+00:00\",\"dateModified\":\"2022-11-19T09:06:33+00:00\",\"breadcrumb\":{\"@id\":\"https:\\\/\\\/laperledanrosey.nl\\\/fr\\\/contact\\\/#breadcrumb\"},\"inLanguage\":\"fr-FR\",\"potentialAction\":[{\"@type\":\"ReadAction\",\"target\":[\"https:\\\/\\\/laperledanrosey.nl\\\/fr\\\/contact\\\/\"]}]},{\"@type\":\"ImageObject\",\"inLanguage\":\"fr-FR\",\"@id\":\"https:\\\/\\\/laperledanrosey.nl\\\/fr\\\/contact\\\/#primaryimage\",\"url\":\"https:\\\/\\\/laperledanrosey.nl\\\/wp-content\\\/uploads\\\/2021\\\/02\\\/BB-la-Perle-dAnrosey-scaled-e1612208298606.jpeg\",\"contentUrl\":\"https:\\\/\\\/laperledanrosey.nl\\\/wp-content\\\/uploads\\\/2021\\\/02\\\/BB-la-Perle-dAnrosey-scaled-e1612208298606.jpeg\",\"width\":2560,\"height\":1920},{\"@type\":\"BreadcrumbList\",\"@id\":\"https:\\\/\\\/laperledanrosey.nl\\\/fr\\\/contact\\\/#breadcrumb\",\"itemListElement\":[{\"@type\":\"ListItem\",\"position\":1,\"name\":\"Home\",\"item\":\"https:\\\/\\\/laperledanrosey.nl\\\/fr\\\/\"},{\"@type\":\"ListItem\",\"position\":2,\"name\":\"Contact\"}]},{\"@type\":\"WebSite\",\"@id\":\"https:\\\/\\\/laperledanrosey.nl\\\/#website\",\"url\":\"https:\\\/\\\/laperledanrosey.nl\\\/\",\"name\":\"La Perle d'Anrosey\",\"description\":\"\",\"potentialAction\":[{\"@type\":\"SearchAction\",\"target\":{\"@type\":\"EntryPoint\",\"urlTemplate\":\"https:\\\/\\\/laperledanrosey.nl\\\/?s={search_term_string}\"},\"query-input\":{\"@type\":\"PropertyValueSpecification\",\"valueRequired\":true,\"valueName\":\"search_term_string\"}}],\"inLanguage\":\"fr-FR\"}]}<\/script>\n<!-- \/ Yoast SEO plugin. -->","yoast_head_json":{"title":"Contact - La Perle d'Anrosey","robots":{"index":"index","follow":"follow","max-snippet":"max-snippet:-1","max-image-preview":"max-image-preview:large","max-video-preview":"max-video-preview:-1"},"canonical":"https:\/\/laperledanrosey.nl\/fr\/contact\/","og_locale":"fr_FR","og_type":"article","og_title":"Contact - La Perle d'Anrosey","og_description":"Vous \u00eates curieux des possibilit\u00e9s de s\u00e9jour \u00e0 la Perle d&rsquo;Anrosey ou vous avez une autre question ? Vous pouvez nous soumettre votre question via le formulaire de contact ci-dessous. Bien s\u00fbr, vous pouvez \u00e9galement faire une demande de r\u00e9servation. Nous vous contacterons ensuite dans les 4 heures. Vous pouvez consulter la disponibilit\u00e9 des chambres [&hellip;]","og_url":"https:\/\/laperledanrosey.nl\/fr\/contact\/","og_site_name":"La Perle d'Anrosey","article_publisher":"https:\/\/www.facebook.com\/La-Perle-dAnrosey-Chambres-dHotes-BB-242599479201961\/?eid=ARC3JPriV08_7MtcuQQhABL0yQE0ZG26r6p6cKUmnd-jWSiUV8XpBh5_Gjm2PwOaZhpGdmDl65THhVLi","article_modified_time":"2022-11-19T09:06:33+00:00","og_image":[{"width":2560,"height":1920,"url":"https:\/\/laperledanrosey.nl\/wp-content\/uploads\/2021\/02\/BB-la-Perle-dAnrosey-scaled-e1612208298606.jpeg","type":"image\/jpeg"}],"twitter_card":"summary_large_image","twitter_misc":{"Dur\u00e9e de lecture estim\u00e9e":"1 minute"},"schema":{"@context":"https:\/\/schema.org","@graph":[{"@type":"WebPage","@id":"https:\/\/laperledanrosey.nl\/fr\/contact\/","url":"https:\/\/laperledanrosey.nl\/fr\/contact\/","name":"Contact - La Perle d'Anrosey","isPartOf":{"@id":"https:\/\/laperledanrosey.nl\/#website"},"primaryImageOfPage":{"@id":"https:\/\/laperledanrosey.nl\/fr\/contact\/#primaryimage"},"image":{"@id":"https:\/\/laperledanrosey.nl\/fr\/contact\/#primaryimage"},"thumbnailUrl":"https:\/\/laperledanrosey.nl\/wp-content\/uploads\/2021\/02\/BB-la-Perle-dAnrosey-scaled-e1612208298606.jpeg","datePublished":"2015-09-17T07:46:03+00:00","dateModified":"2022-11-19T09:06:33+00:00","breadcrumb":{"@id":"https:\/\/laperledanrosey.nl\/fr\/contact\/#breadcrumb"},"inLanguage":"fr-FR","potentialAction":[{"@type":"ReadAction","target":["https:\/\/laperledanrosey.nl\/fr\/contact\/"]}]},{"@type":"ImageObject","inLanguage":"fr-FR","@id":"https:\/\/laperledanrosey.nl\/fr\/contact\/#primaryimage","url":"https:\/\/laperledanrosey.nl\/wp-content\/uploads\/2021\/02\/BB-la-Perle-dAnrosey-scaled-e1612208298606.jpeg","contentUrl":"https:\/\/laperledanrosey.nl\/wp-content\/uploads\/2021\/02\/BB-la-Perle-dAnrosey-scaled-e1612208298606.jpeg","width":2560,"height":1920},{"@type":"BreadcrumbList","@id":"https:\/\/laperledanrosey.nl\/fr\/contact\/#breadcrumb","itemListElement":[{"@type":"ListItem","position":1,"name":"Home","item":"https:\/\/laperledanrosey.nl\/fr\/"},{"@type":"ListItem","position":2,"name":"Contact"}]},{"@type":"WebSite","@id":"https:\/\/laperledanrosey.nl\/#website","url":"https:\/\/laperledanrosey.nl\/","name":"La Perle d'Anrosey","description":"","potentialAction":[{"@type":"SearchAction","target":{"@type":"EntryPoint","urlTemplate":"https:\/\/laperledanrosey.nl\/?s={search_term_string}"},"query-input":{"@type":"PropertyValueSpecification","valueRequired":true,"valueName":"search_term_string"}}],"inLanguage":"fr-FR"}]}},"_links":{"self":[{"href":"https:\/\/laperledanrosey.nl\/fr\/wp-json\/wp\/v2\/pages\/5652","targetHints":{"allow":["GET"]}}],"collection":[{"href":"https:\/\/laperledanrosey.nl\/fr\/wp-json\/wp\/v2\/pages"}],"about":[{"href":"https:\/\/laperledanrosey.nl\/fr\/wp-json\/wp\/v2\/types\/page"}],"author":[{"embeddable":true,"href":"https:\/\/laperledanrosey.nl\/fr\/wp-json\/wp\/v2\/users\/1"}],"replies":[{"embeddable":true,"href":"https:\/\/laperledanrosey.nl\/fr\/wp-json\/wp\/v2\/comments?post=5652"}],"version-history":[{"count":13,"href":"https:\/\/laperledanrosey.nl\/fr\/wp-json\/wp\/v2\/pages\/5652\/revisions"}],"predecessor-version":[{"id":10054,"href":"https:\/\/laperledanrosey.nl\/fr\/wp-json\/wp\/v2\/pages\/5652\/revisions\/10054"}],"wp:featuredmedia":[{"embeddable":true,"href":"https:\/\/laperledanrosey.nl\/fr\/wp-json\/wp\/v2\/media\/8875"}],"wp:attachment":[{"href":"https:\/\/laperledanrosey.nl\/fr\/wp-json\/wp\/v2\/media?parent=5652"}],"curies":[{"name":"wp","href":"https:\/\/api.w.org\/{rel}","templated":true}]}}