{"id":5630,"date":"2015-11-16T13:08:26","date_gmt":"2015-11-16T13:08:26","guid":{"rendered":"https:\/\/laperledanrosey.nl\/prijzen\/"},"modified":"2025-03-21T08:03:49","modified_gmt":"2025-03-21T08:03:49","slug":"prijzen","status":"publish","type":"page","link":"https:\/\/laperledanrosey.nl\/fr\/prijzen\/","title":{"rendered":"Tarifs"},"content":{"rendered":"<p>&nbsp;<\/p>\n<h4><span class=\"HwtZe\" lang=\"fr\" style=\"color: #87ad19;\"><span class=\"jCAhz ChMk0b\"><span class=\"ryNqvb\">Tarifs des chambres<\/span><\/span><\/span><\/h4>\n<p><span class=\"HwtZe\" lang=\"fr\"><span class=\"jCAhz ChMk0b\"><span class=\"ryNqvb\">Toutes les chambres ont une salle de bain priv\u00e9e avec lavabo, douche et toilettes.<\/span><\/span> <span class=\"jCAhz ChMk0b\"><span class=\"ryNqvb\">Toutes les nuit\u00e9es s&rsquo;entendent petit-d\u00e9jeuner compris et hors taxe de s\u00e9jour (0,66 centimes par personne de plus de 18 ans, par nuit).<\/span><\/span> <span class=\"jCAhz ChMk0b\"><span class=\"ryNqvb\">Vous pouvez prendre votre petit-d\u00e9jeuner entre 08h00 et 09h30.<\/span><\/span><\/span><\/p>\n<table>\n<tbody>\n<tr>\n<td><span class=\"price price-green\">\u20ac130<\/span><\/td>\n<td><span class=\"HwtZe\" lang=\"fr\" style=\"color: #87ad19;\"><span class=\"jCAhz ChMk0b\"><span class=\"ryNqvb\">Chambre 2 personnes\u00a0 <\/span><\/span><\/span><span class=\"HwtZe\" lang=\"fr\"><span class=\"jCAhz ChMk0b\"><span class=\"ryNqvb\">Tarif de la chambre pour 2 personnes par nuit comprenant un copieux petit-d\u00e9jeuner.<\/span><\/span><\/span><\/td>\n<td><button class=\"btn select\"><a href=\"https:\/\/laperledanrosey.nl\/direct-reserveren\/\">Reserveren<\/a><\/button><\/td>\n<\/tr>\n<tr>\n<td><span class=\"price price-green\">\u20ac35<\/span><\/td>\n<td>\n<p class=\"HwtZe\" lang=\"fr\" style=\"color: #87ad19;\"><span class=\"jCAhz ChMk0b\"><span class=\"ryNqvb\">Personnes suppl\u00e9mentaire dans la chambre<\/span><\/span><\/p>\n<\/td>\n<td><button class=\"btn select\"><a href=\"https:\/\/laperledanrosey.nl\/direct-reserveren\/\">Reserveren<\/a><\/button><\/td>\n<\/tr>\n<tr>\n<td><span class=\"price price-green\">\u20ac17,50<\/span><\/td>\n<td>\n<p class=\"HwtZe\" lang=\"fr\" style=\"color: #87ad19;\">Lit de b\u00e9b\u00e9\u00a0\u00a0<span style=\"color: #494949;\">Pour un lit b\u00e9b\u00e9 dans la chambre par nuit comprenant le linge de lit et le petit d\u00e9jeuner.<\/span><\/p>\n<\/td>\n<td><button class=\"btn select\"><a href=\"https:\/\/laperledanrosey.nl\/direct-reserveren\/\">Reserveren<\/a><\/button><\/td>\n<\/tr>\n<tr>\n<td><span class=\"price price-green\">\u20ac118,50<\/span><\/td>\n<td><span class=\"HwtZe\" lang=\"fr\"><span class=\"jCAhz ChMk0b\" style=\"color: #87ad19;\"><span class=\"ryNqvb\">Chambre 1 personne (uniquement chambre la Source)\u00a0 <\/span><\/span><\/span><span class=\"HwtZe\" lang=\"fr\"><span class=\"jCAhz ChMk0b\"><span class=\"ryNqvb\">Tarif chambre pour 1 personne par nuit Petit-d\u00e9jeuner compris.<\/span><\/span><\/span><\/td>\n<td><button class=\"btn select\"><a href=\"https:\/\/laperledanrosey.nl\/direct-reserveren\/\">Reserveren<\/a><\/button><\/td>\n<\/tr>\n<tr>\n<td><span class=\"price price-green\">incl.<\/span><\/td>\n<td>\n<p class=\"HwtZe\" lang=\"fr\" style=\"color: #87ad19;\"><span class=\"jCAhz ChMk0b\"><span class=\"ryNqvb\">Le petit d\u00e9jeuner est inclus\u00a0 <\/span><\/span><span class=\"HwtZe\" lang=\"fr\" style=\"color: #494949;\"><span class=\"jCAhz ChMk0b\"><span class=\"ryNqvb\">Le petit d\u00e9jeuner se compose de caf\u00e9 et th\u00e9 et jus d&rsquo;orange, diverses confitures,<\/span><\/span> <span class=\"jCAhz ChMk0b\"><span class=\"ryNqvb\">un croissant, une baguette, du pain bis, un \u0153uf \u00e0 la coque et du fromage.<\/span><\/span> <span class=\"jCAhz ChMk0b\"><span class=\"ryNqvb\">Vous pouvez prendre le petit d\u00e9jeuner entre 08h00 et 09h30<\/span><\/span><\/span><\/p>\n<\/td>\n<td><button class=\"btn select\"><a href=\"https:\/\/laperledanrosey.nl\/onthaasten-in-anrosey\/dineren\/\">Informatie<\/a><\/button><\/td>\n<\/tr>\n<\/tbody>\n<\/table>\n<h4><span style=\"color: #87ad19;\">Arrangementen<\/span><\/h4>\n<p>De prijs is voor 2 personen. De prijzen zijn inclusief: welkomstdrankje, overnachting in \u00e9\u00e9n van onze kamers en ontbijt en optioneel een drie gangen diner + een drankje aan de table d&rsquo;hotes.\u00a0 De actuele prijzen en aanbiedingen vindt u op de pagina direct reserveren. Kies de optie \u00ab\u00a0nacht(en) + ontbijt + diner\u00a0\u00bb.<\/p>\n<table>\n<tbody>\n<tr>\n<td><span class=\"price price-green\">\u20ac212<\/span><\/td>\n<td>\n<h1 class=\"plan-title\">Tussenstop arrangement; 2 personen<\/h1>\n<p class=\"plan-title\">Overnachting met Welkomstdrankje, Diner en ontbijt voor 2 personen.<\/p>\n<\/td>\n<td><button class=\"btn select\"><a href=\"https:\/\/laperledanrosey.nl\/direct-reserveren\/\">Reserveren<\/a><\/button><\/td>\n<\/tr>\n<tr>\n<td><span class=\"price price-green\">\u20ac424<\/span><\/td>\n<td>\n<h1 class=\"plan-title\">2 dagen, half pension; 2 personen<\/h1>\n<p class=\"plan-description\">Vanafprijs voor een 2 dagen arrangement voor 2 personen.<\/p>\n<\/td>\n<td><button class=\"btn select\"><a href=\"https:\/\/laperledanrosey.nl\/direct-reserveren\/\">Reserveren<\/a><\/button><\/td>\n<\/tr>\n<tr>\n<td><span class=\"price price-green\">\u20ac639,96<\/span><\/td>\n<td>\n<h1 class=\"plan-title\">3 dagen, half pension, 2 personen<\/h1>\n<p class=\"plan-description\">Vanafprijs voor een 3 dagen arrangement voor 2 personen.<\/p>\n<\/td>\n<td><button class=\"btn select\"><a href=\"https:\/\/laperledanrosey.nl\/direct-reserveren\/\">Reserveren<\/a><\/button><\/td>\n<\/tr>\n<tr>\n<td><\/td>\n<td>\n<h1 class=\"plan-title\"><\/h1>\n<\/td>\n<td><button class=\"btn select\"><a href=\"https:\/\/laperledanrosey.nl\/direct-reserveren\/\">Reserveren<\/a><\/button><\/td>\n<\/tr>\n<tr>\n<td><\/td>\n<td><\/td>\n<td><button class=\"btn select\"><a href=\"https:\/\/laperledanrosey.nl\/direct-reserveren\/\">Reserveren<\/a><\/button><\/td>\n<\/tr>\n<\/tbody>\n<\/table>\n<h4><span style=\"color: #87ad19;\">Table d&rsquo;Hotes<\/span><\/h4>\n<p>Iedere avond is er de mogelijkheid om te <a href=\"https:\/\/laperledanrosey.nl\/onthaasten-in-anrosey\/dineren\/\">dineren aan de table d\u2019h\u00f4tes<\/a> (de tafel van de gastheer en -vrouw).\u00a0 Wij serveren een drie-gangen diner en maken voor kinderen aangepaste porties. Wijn \/ fris en koffie zijn bij de prijs inbegrepen. U dient wel vooraf te reserveren.<\/p>\n<table>\n<tbody>\n<tr>\n<td><span class=\"price price-green\">\u20ac41,00<\/span><\/td>\n<td>\n<h1 class=\"plan-title\">Diner &#8211; Table d&rsquo;hotes<\/h1>\n<p>3 gangen diner inclusief 2 glazen wijn en koffie\/ thee<\/td>\n<td><button class=\"btn select\"><a href=\"https:\/\/laperledanrosey.nl\/direct-reserveren\/\">Reserveren<\/a><\/button><\/td>\n<\/tr>\n<tr>\n<td><span class=\"price price-green\">\u20ac9,50<\/span><\/td>\n<td>\n<h1 class=\"plan-title\">Kinderportie 2 t\/m 7 jaar<\/h1>\n<p class=\"plan-description\">\n<\/td>\n<td><button class=\"btn select\"><a href=\"https:\/\/laperledanrosey.nl\/direct-reserveren\/\">Reserveren<\/a><\/button><\/td>\n<\/tr>\n<tr>\n<td><span class=\"price price-green\">\u20ac15,00<\/span><\/td>\n<td>\n<h1 class=\"plan-title\">Kinderportie 8 t\/m 12 jaar<\/h1>\n<p class=\"plan-description\">\n<\/td>\n<td><button class=\"btn select\"><a href=\"https:\/\/laperledanrosey.nl\/direct-reserveren\/\">Reserveren<\/a><\/button><\/td>\n<\/tr>\n<tr>\n<td><span class=\"price price-green\">\u20ac<\/span><\/td>\n<td>\n<h1>Drankjes<\/h1>\n<p>Koffie en thee en aanleng limonade is gratis, Alle drankjes per glas, flesje, blikje \u20ac 2,00. Karaf huiswijn (50cc) Rood, Wit, Ros\u00e9 \u20ac 6,00. We hebben ook altijd een kleine selectie wijnen per fles.<\/td>\n<td><button class=\"btn select\"><a href=\"https:\/\/laperledanrosey.nl\/direct-reserveren\/\">Reserveren<\/a><\/button><\/td>\n<\/tr>\n<\/tbody>\n<\/table>\n<h4><span style=\"color: #87ad19;\"><strong>Reserveren<\/strong><\/span><\/h4>\n<ul>\n<li>24\/7 Direct online reserveren op onze website met laagste prijs garantie.<\/li>\n<li>U kunt telefonisch reserveren: 0033 (0)325 88 20 01, Whatsapp: 0033656675828 of U kunt ons mailen via het <a href=\"https:\/\/laperledanrosey.nl\/contact\/\">contactformulier.<\/a><\/li>\n<li>Zodra we uw reservering ontvangen hebben sturen we u een bevestiging toe per e-mail. Daarin staat tevens het verzoek tot aanbetaling van \u20ac 70,\u2013. Deze aanbetaling graag binnen 5 dagen na ontvangst van de bevestigingsmail overboeken.<\/li>\n<li>Bij late boekingen (minder dan 5 dagen voor aankomst) vragen wij het volledige bedrag als aanbetaling. Deze aanbetaling dient ter verzekering van uw reservering.<\/li>\n<li>U kunt hieronder de beschikbaarheid van de kamers checken<\/li>\n<\/ul>\n<p><span style=\"color: #87ad19;\"><span style=\"color: #494949;\">Reserveer online en ontvang direct uw reserveringsbevestiging<\/span> <\/span><div class=\"vanimedia-reflexbooking-search-form-wrapper vanimedia-reflexbooking-fields-1\"><form class=\"vanimedia-reflexbooking-search-form\" method=\"GET\" action=\"https:\/\/laperledanrosey.nl\/fr\/resultat-de-recherche\/\"><input name=\"language\" id=\"language-2687\" type=\"hidden\" value=\"fr\" \/><div class=\"vanimedia-reflexbooking-container\"><div class=\"vanimedia-reflexbooking-search-form-inner-top\"><div class=\"field-wrapper\"><label for=\"from-2687\">Book now from<\/label><\/div><\/div><div class=\"vanimedia-reflexbooking-search-form-inner-bottom\"><div class=\"field-wrapper\"><input name=\"from\" id=\"from-2687\" type=\"text\" value=\"15-05-2026\" readonly \/><\/div><div class=\"field-wrapper field-wrapper-button\"><button type=\"submit\"><span class=\"text\">Search<\/span><span class=\"arrow\">&raquo;<\/span><\/button><\/div><\/div><\/div><\/form><div class=\"vanirb-datepicker\"><\/div><\/div>\n<h4><span style=\"color: #87ad19;\">Annuleren<\/span><\/h4>\n<ul>\n<li>Bij annulering brengen we \u20ac 25,- administratiekosten in rekening.<\/li>\n<li>Bij annulering tot 30 dagen voor uw aankomstdag storten we uw aanbetaling terug, minus de administratiekosten.<\/li>\n<li>Bij annulering binnen 30 dagen voor aankomstdag storten we uw aanbetaling niet terug.<\/li>\n<li>Om de aanbetaling te kunnen terugstorten hebben we nog even uw naam , voorletters en IBANNUMMER nodig, dan kunnen we dit zsm in orde brengen.<\/li>\n<\/ul>\n<p>&nbsp;<\/p>\n<h4><strong><span style=\"color: #87ad19;\">Overig<\/span> <img decoding=\"async\" class=\"wp-image-8405 size-full alignright\" src=\"https:\/\/laperledanrosey.nl\/wp-content\/uploads\/2020\/01\/visa-mastercard-1.png\" alt=\"\" width=\"100\" height=\"75\" \/><\/strong><\/h4>\n<ul>\n<li><span style=\"color: #87ad19;\">Betalen: <\/span>U kunt uw aanbetaling per bank overboeken. Alle gegevens staan in de<br \/>\nbevestigingsmail. Het eventuele restant kunt u ter plekke afrekenen. U kunt bij ons met PIN betalen<\/li>\n<li><span style=\"color: #87ad19;\">Annuleren: <\/span>U kunt per telefoon of per e-mail annuleren. Bij annuleren tot 14<br \/>\ndagen voor aankomst storten wij uw aanbetaling terug, minus \u20ac 25,- administratiekosten. Vanaf 14 dagen voor aankomst storten wij uw aanbetaling niet terug.<\/li>\n<li><span style=\"color: #87ad19;\">Honden<\/span>: Hoewel wij honden en gezelschapsdieren een warm hart toedragen kunnen\u00a0we g\u00e9\u00e9n honden of andere gezelschapsdieren toelaten.<\/li>\n<li><span style=\"color: #87ad19;\">Roken<\/span>: Het gehele huis is rookvrij. Voor de rokers is er buiten genoeg ruimte,<br \/>\nzonder dat anderen last hebben van de rook.<\/li>\n<li><span style=\"color: #87ad19;\">Route<\/span>: U vind <a href=\"https:\/\/laperledanrosey.nl\/route\/\">hier<\/a> een uitgebreide routebeschrijving<br \/>\nvanaf de A31 komend vanuit het noorden en komend vanuit het zuiden naar Anrosey. Deze route wijkt iets af van<br \/>\nwat de meeste routeplanners aangeven, om het simpel te houden<\/li>\n<li><span style=\"color: #87ad19;\">Aankomst en vertrek<\/span>: U kunt inchecken tussen 16.00 en 21.00 uur op de dag van<br \/>\naankomst en u dient uw kamer op de dag van vertrek uiterlijk 10.00 uur te verlaten. Tussen 24.00 en 07.00 uur is de chambre d&rsquo;hotes gesloten. Voor afwijkende aankomst tijden altijd contact opnemen met de eigenaars.<\/li>\n<\/ul>\n<p><a id=\"button\" href=\"https:\/\/laperledanrosey.nl\/contact\/\">Contact<\/a><\/p>\n","protected":false},"excerpt":{"rendered":"<p>&nbsp; Tarifs des chambres Toutes les chambres ont une salle de bain priv\u00e9e avec lavabo, douche et toilettes. Toutes les nuit\u00e9es s&rsquo;entendent petit-d\u00e9jeuner compris et hors taxe de s\u00e9jour (0,66 centimes par personne de plus de 18 ans, par nuit). Vous pouvez prendre votre petit-d\u00e9jeuner entre 08h00 et 09h30. \u20ac130 Chambre 2 personnes\u00a0 Tarif de [&hellip;]<\/p>\n","protected":false},"author":1,"featured_media":0,"parent":0,"menu_order":0,"comment_status":"closed","ping_status":"closed","template":"","meta":{"_acf_changed":false,"_joinchat":[],"footnotes":""},"class_list":["post-5630","page","type-page","status-publish","hentry"],"acf":[],"yoast_head":"<!-- This site is optimized with the Yoast SEO plugin v27.5 - https:\/\/yoast.com\/product\/yoast-seo-wordpress\/ -->\n<title>kamer Tarifs - B&amp;B La Perle d&#039;Anrosey bij Langres<\/title>\n<meta name=\"description\" content=\"\u20ac 95,00 voor 2 personen incl. ontbijt. Alle kamers hebben mooi uitzicht, zijn ruim en beschikken over een priv\u00e9 badkamer.\" \/>\n<meta name=\"robots\" content=\"index, follow, max-snippet:-1, max-image-preview:large, max-video-preview:-1\" \/>\n<link rel=\"canonical\" href=\"https:\/\/laperledanrosey.nl\/fr\/prijzen\/\" \/>\n<meta property=\"og:locale\" content=\"fr_FR\" \/>\n<meta property=\"og:type\" content=\"article\" \/>\n<meta property=\"og:title\" content=\"kamer Tarifs - B&amp;B La Perle d&#039;Anrosey bij Langres\" \/>\n<meta property=\"og:description\" content=\"\u20ac 95,00 voor 2 personen incl. ontbijt. Alle kamers hebben mooi uitzicht, zijn ruim en beschikken over een priv\u00e9 badkamer.\" \/>\n<meta property=\"og:url\" content=\"https:\/\/laperledanrosey.nl\/fr\/prijzen\/\" \/>\n<meta property=\"og:site_name\" content=\"La Perle d&#039;Anrosey\" \/>\n<meta property=\"article:publisher\" content=\"https:\/\/www.facebook.com\/La-Perle-dAnrosey-Chambres-dHotes-BB-242599479201961\/?eid=ARC3JPriV08_7MtcuQQhABL0yQE0ZG26r6p6cKUmnd-jWSiUV8XpBh5_Gjm2PwOaZhpGdmDl65THhVLi\" \/>\n<meta property=\"article:modified_time\" content=\"2025-03-21T08:03:49+00:00\" \/>\n<meta property=\"og:image\" content=\"https:\/\/laperledanrosey.nl\/wp-content\/uploads\/2020\/01\/visa-mastercard-1-e1580481591443.png\" \/>\n\t<meta property=\"og:image:width\" content=\"100\" \/>\n\t<meta property=\"og:image:height\" content=\"75\" \/>\n\t<meta property=\"og:image:type\" content=\"image\/png\" \/>\n<meta name=\"twitter:card\" content=\"summary_large_image\" \/>\n<meta name=\"twitter:label1\" content=\"Dur\u00e9e de lecture estim\u00e9e\" \/>\n\t<meta name=\"twitter:data1\" content=\"4 minutes\" \/>\n<script type=\"application\/ld+json\" class=\"yoast-schema-graph\">{\"@context\":\"https:\\\/\\\/schema.org\",\"@graph\":[{\"@type\":\"WebPage\",\"@id\":\"https:\\\/\\\/laperledanrosey.nl\\\/fr\\\/prijzen\\\/\",\"url\":\"https:\\\/\\\/laperledanrosey.nl\\\/fr\\\/prijzen\\\/\",\"name\":\"kamer Tarifs - B&B La Perle d'Anrosey bij Langres\",\"isPartOf\":{\"@id\":\"https:\\\/\\\/laperledanrosey.nl\\\/#website\"},\"primaryImageOfPage\":{\"@id\":\"https:\\\/\\\/laperledanrosey.nl\\\/fr\\\/prijzen\\\/#primaryimage\"},\"image\":{\"@id\":\"https:\\\/\\\/laperledanrosey.nl\\\/fr\\\/prijzen\\\/#primaryimage\"},\"thumbnailUrl\":\"https:\\\/\\\/laperledanrosey.nl\\\/wp-content\\\/uploads\\\/2020\\\/01\\\/visa-mastercard-1.png\",\"datePublished\":\"2015-11-16T13:08:26+00:00\",\"dateModified\":\"2025-03-21T08:03:49+00:00\",\"description\":\"\u20ac 95,00 voor 2 personen incl. ontbijt. Alle kamers hebben mooi uitzicht, zijn ruim en beschikken over een priv\u00e9 badkamer.\",\"breadcrumb\":{\"@id\":\"https:\\\/\\\/laperledanrosey.nl\\\/fr\\\/prijzen\\\/#breadcrumb\"},\"inLanguage\":\"fr-FR\",\"potentialAction\":[{\"@type\":\"ReadAction\",\"target\":[\"https:\\\/\\\/laperledanrosey.nl\\\/fr\\\/prijzen\\\/\"]}]},{\"@type\":\"ImageObject\",\"inLanguage\":\"fr-FR\",\"@id\":\"https:\\\/\\\/laperledanrosey.nl\\\/fr\\\/prijzen\\\/#primaryimage\",\"url\":\"https:\\\/\\\/laperledanrosey.nl\\\/wp-content\\\/uploads\\\/2020\\\/01\\\/visa-mastercard-1.png\",\"contentUrl\":\"https:\\\/\\\/laperledanrosey.nl\\\/wp-content\\\/uploads\\\/2020\\\/01\\\/visa-mastercard-1.png\"},{\"@type\":\"BreadcrumbList\",\"@id\":\"https:\\\/\\\/laperledanrosey.nl\\\/fr\\\/prijzen\\\/#breadcrumb\",\"itemListElement\":[{\"@type\":\"ListItem\",\"position\":1,\"name\":\"Home\",\"item\":\"https:\\\/\\\/laperledanrosey.nl\\\/fr\\\/\"},{\"@type\":\"ListItem\",\"position\":2,\"name\":\"Tarifs\"}]},{\"@type\":\"WebSite\",\"@id\":\"https:\\\/\\\/laperledanrosey.nl\\\/#website\",\"url\":\"https:\\\/\\\/laperledanrosey.nl\\\/\",\"name\":\"La Perle d'Anrosey\",\"description\":\"\",\"potentialAction\":[{\"@type\":\"SearchAction\",\"target\":{\"@type\":\"EntryPoint\",\"urlTemplate\":\"https:\\\/\\\/laperledanrosey.nl\\\/?s={search_term_string}\"},\"query-input\":{\"@type\":\"PropertyValueSpecification\",\"valueRequired\":true,\"valueName\":\"search_term_string\"}}],\"inLanguage\":\"fr-FR\"}]}<\/script>\n<!-- \/ Yoast SEO plugin. -->","yoast_head_json":{"title":"kamer Tarifs - B&B La Perle d'Anrosey bij Langres","description":"\u20ac 95,00 voor 2 personen incl. ontbijt. Alle kamers hebben mooi uitzicht, zijn ruim en beschikken over een priv\u00e9 badkamer.","robots":{"index":"index","follow":"follow","max-snippet":"max-snippet:-1","max-image-preview":"max-image-preview:large","max-video-preview":"max-video-preview:-1"},"canonical":"https:\/\/laperledanrosey.nl\/fr\/prijzen\/","og_locale":"fr_FR","og_type":"article","og_title":"kamer Tarifs - B&B La Perle d'Anrosey bij Langres","og_description":"\u20ac 95,00 voor 2 personen incl. ontbijt. Alle kamers hebben mooi uitzicht, zijn ruim en beschikken over een priv\u00e9 badkamer.","og_url":"https:\/\/laperledanrosey.nl\/fr\/prijzen\/","og_site_name":"La Perle d'Anrosey","article_publisher":"https:\/\/www.facebook.com\/La-Perle-dAnrosey-Chambres-dHotes-BB-242599479201961\/?eid=ARC3JPriV08_7MtcuQQhABL0yQE0ZG26r6p6cKUmnd-jWSiUV8XpBh5_Gjm2PwOaZhpGdmDl65THhVLi","article_modified_time":"2025-03-21T08:03:49+00:00","og_image":[{"width":100,"height":75,"url":"https:\/\/laperledanrosey.nl\/wp-content\/uploads\/2020\/01\/visa-mastercard-1-e1580481591443.png","type":"image\/png"}],"twitter_card":"summary_large_image","twitter_misc":{"Dur\u00e9e de lecture estim\u00e9e":"4 minutes"},"schema":{"@context":"https:\/\/schema.org","@graph":[{"@type":"WebPage","@id":"https:\/\/laperledanrosey.nl\/fr\/prijzen\/","url":"https:\/\/laperledanrosey.nl\/fr\/prijzen\/","name":"kamer Tarifs - B&B La Perle d'Anrosey bij Langres","isPartOf":{"@id":"https:\/\/laperledanrosey.nl\/#website"},"primaryImageOfPage":{"@id":"https:\/\/laperledanrosey.nl\/fr\/prijzen\/#primaryimage"},"image":{"@id":"https:\/\/laperledanrosey.nl\/fr\/prijzen\/#primaryimage"},"thumbnailUrl":"https:\/\/laperledanrosey.nl\/wp-content\/uploads\/2020\/01\/visa-mastercard-1.png","datePublished":"2015-11-16T13:08:26+00:00","dateModified":"2025-03-21T08:03:49+00:00","description":"\u20ac 95,00 voor 2 personen incl. ontbijt. Alle kamers hebben mooi uitzicht, zijn ruim en beschikken over een priv\u00e9 badkamer.","breadcrumb":{"@id":"https:\/\/laperledanrosey.nl\/fr\/prijzen\/#breadcrumb"},"inLanguage":"fr-FR","potentialAction":[{"@type":"ReadAction","target":["https:\/\/laperledanrosey.nl\/fr\/prijzen\/"]}]},{"@type":"ImageObject","inLanguage":"fr-FR","@id":"https:\/\/laperledanrosey.nl\/fr\/prijzen\/#primaryimage","url":"https:\/\/laperledanrosey.nl\/wp-content\/uploads\/2020\/01\/visa-mastercard-1.png","contentUrl":"https:\/\/laperledanrosey.nl\/wp-content\/uploads\/2020\/01\/visa-mastercard-1.png"},{"@type":"BreadcrumbList","@id":"https:\/\/laperledanrosey.nl\/fr\/prijzen\/#breadcrumb","itemListElement":[{"@type":"ListItem","position":1,"name":"Home","item":"https:\/\/laperledanrosey.nl\/fr\/"},{"@type":"ListItem","position":2,"name":"Tarifs"}]},{"@type":"WebSite","@id":"https:\/\/laperledanrosey.nl\/#website","url":"https:\/\/laperledanrosey.nl\/","name":"La Perle d'Anrosey","description":"","potentialAction":[{"@type":"SearchAction","target":{"@type":"EntryPoint","urlTemplate":"https:\/\/laperledanrosey.nl\/?s={search_term_string}"},"query-input":{"@type":"PropertyValueSpecification","valueRequired":true,"valueName":"search_term_string"}}],"inLanguage":"fr-FR"}]}},"_links":{"self":[{"href":"https:\/\/laperledanrosey.nl\/fr\/wp-json\/wp\/v2\/pages\/5630","targetHints":{"allow":["GET"]}}],"collection":[{"href":"https:\/\/laperledanrosey.nl\/fr\/wp-json\/wp\/v2\/pages"}],"about":[{"href":"https:\/\/laperledanrosey.nl\/fr\/wp-json\/wp\/v2\/types\/page"}],"author":[{"embeddable":true,"href":"https:\/\/laperledanrosey.nl\/fr\/wp-json\/wp\/v2\/users\/1"}],"replies":[{"embeddable":true,"href":"https:\/\/laperledanrosey.nl\/fr\/wp-json\/wp\/v2\/comments?post=5630"}],"version-history":[{"count":20,"href":"https:\/\/laperledanrosey.nl\/fr\/wp-json\/wp\/v2\/pages\/5630\/revisions"}],"predecessor-version":[{"id":10309,"href":"https:\/\/laperledanrosey.nl\/fr\/wp-json\/wp\/v2\/pages\/5630\/revisions\/10309"}],"wp:attachment":[{"href":"https:\/\/laperledanrosey.nl\/fr\/wp-json\/wp\/v2\/media?parent=5630"}],"curies":[{"name":"wp","href":"https:\/\/api.w.org\/{rel}","templated":true}]}}