{"id":5628,"date":"2015-11-16T13:08:36","date_gmt":"2015-11-16T13:08:36","guid":{"rendered":"https:\/\/laperledanrosey.nl\/over-ons\/"},"modified":"2022-11-19T12:36:38","modified_gmt":"2022-11-19T12:36:38","slug":"over-ons","status":"publish","type":"page","link":"https:\/\/laperledanrosey.nl\/fr\/over-ons\/","title":{"rendered":"Les propri\u00e9taires"},"content":{"rendered":"<p><img decoding=\"async\" class=\"alignnone size-large wp-image-7696\" src=\"https:\/\/laperledanrosey.nl\/wp-content\/uploads\/2019\/05\/egbert-ilja-2019-la-Perle-dAnrosey-2-1024x379.jpeg\" alt=\"\" width=\"640\" height=\"237\" \/><br \/>\n<span class=\"HwtZe\" lang=\"fr\"><span class=\"jCAhz ChMk0b\"><span class=\"ryNqvb\">Les propri\u00e9taires sont Egbert Brehm et Ilja Tammen.<\/span><\/span>\u00a0 <span class=\"jCAhz ChMk0b\"><span class=\"ryNqvb\">Apr\u00e8s vingt-cinq ans de vie avec grand plaisir \u00e0 Amsterdam, il est devenu de plus en plus clair pour nous, apr\u00e8s une p\u00e9riode d&rsquo;introspection et de travail personnel, que nous avions le d\u00e9sir de quitter la vie tr\u00e9pidante de la ville.<\/span><\/span> <span class=\"jCAhz ChMk0b\"><span class=\"ryNqvb\">A la recherche de plus d&rsquo;espace, de calme et de nature dans notre cadre de vie imm\u00e9diat.<\/span><\/span><\/span><\/p>\n<p><img decoding=\"async\" class=\"alignnone size-medium wp-image-6057\" src=\"https:\/\/laperledanrosey.nl\/wp-content\/uploads\/2015\/11\/DSC_7383-300x200-300x200.jpg\" alt=\"\" width=\"300\" height=\"200\" \/>\u00a0 \u00a0 \u00a0 \u00a0 \u00a0 \u00a0 \u00a0 \u00a0 \u00a0 <img decoding=\"async\" class=\"alignnone size-medium wp-image-6059\" src=\"https:\/\/laperledanrosey.nl\/wp-content\/uploads\/2015\/11\/DSC_7129-300x200-300x200.jpg\" alt=\"\" width=\"300\" height=\"200\" \/><\/p>\n<p><span class=\"HwtZe\" lang=\"fr\"><span class=\"jCAhz ChMk0b\"><span class=\"ryNqvb\">Egbert a travaill\u00e9 comme designer d&rsquo;espace pour des \u00e9v\u00e9nements d&rsquo;entreprise et Ilja a jou\u00e9 comme actrice \u00e0 travers les Pays-Bas &#8211; et au-del\u00e0 &#8211; dans des repr\u00e9sentations th\u00e9\u00e2trales pour jeunes r\u00e9ussies.<\/span><\/span> <span class=\"jCAhz ChMk0b\"><span class=\"ryNqvb\">Quitter l&rsquo;agitation urbaine signifiait aussi ;<\/span><\/span> <span class=\"jCAhz ChMk0b\"><span class=\"ryNqvb\">nos amis, notre travail, laissant le connu.<\/span><\/span> <span class=\"jCAhz ChMk0b\"><span class=\"ryNqvb\">\u00c0 quoi cela ressemblerait-il de vivre avec une for\u00eat comme voisin\u00a0?<\/span><\/span> <span class=\"jCAhz ChMk0b\"><span class=\"ryNqvb\">Quel serait l&rsquo;impact sur notre bien-\u00eatre si notre cadre de vie quotidien \u00e9tait l&rsquo;espace et la nature ?<\/span><\/span> <span class=\"jCAhz ChMk0b\"><span class=\"ryNqvb\">Et serait-il vrai que plus d&rsquo;espace autour de vous \u00e9veillerait \u00e9galement plus d&rsquo;espace en vous-m\u00eame ?<\/span><\/span> <span class=\"jCAhz ChMk0b\"><span class=\"ryNqvb\">Avec La Perle d&rsquo;Anrosey nous avons trouv\u00e9 un lieu o\u00f9 cette aventure prend corps et s&rsquo;approfondit.<\/span><\/span><\/span><\/p>\n<h4><span style=\"color: #87ad19;\"><span class=\"HwtZe\" lang=\"fr\"><span class=\"jCAhz ChMk0b\"><span class=\"ryNqvb\">Pourquoi avons-nous choisi ce nom ?<\/span><\/span><\/span><\/span><\/h4>\n<p><span class=\"HwtZe\" lang=\"fr\"><span class=\"jCAhz\"><span class=\"ryNqvb\">La Perle d&rsquo;Anrosey doit son nom au fait qu&rsquo;elle a subtilement cach\u00e9 sa beaut\u00e9 et donc la garde bien : ce n&rsquo;est que lorsqu&rsquo;on a franchi le portail et qu&rsquo;on se trouve dans la cour qu&rsquo;elle montre son vrai visage. Comme une perle qui devient visible. De nombreux villageois qui ont v\u00e9cu \u00e0 Anrosey toute leur vie n&rsquo;ont d\u00e9couvert que r\u00e9cemment ce c\u00f4t\u00e9 de La Perle. Un autre aspect d&rsquo;une perle est qu&rsquo;elle est vivante, qu&rsquo;elle grandit et se forme. Ainsi va notre vie ici, notre vie ici prend d&rsquo;autres formes, elle vit et bouge. La perle est souvent utilis\u00e9e comme symbole pour retrouver votre forme authentique. L&rsquo;expression personnelle, en relation avec et comme expression de l&rsquo;unit\u00e9 de tous les ph\u00e9nom\u00e8nes. C&rsquo;est une intention et une aventure inspirante ! <\/span><\/span><\/span><\/p>\n<p><span class=\"HwtZe\" lang=\"fr\"><span class=\"jCAhz\"><span class=\"ryNqvb\">Einstein : \u00ab\u00a0L&rsquo;important est de ne pas cesser de questionner. La curiosit\u00e9 a sa propre raison d&rsquo;\u00eatre. On ne peut s&#8217;emp\u00eacher d&rsquo;\u00eatre \u00e9merveill\u00e9 lorsqu&rsquo;on contemple les myst\u00e8res de l&rsquo;\u00e9ternit\u00e9, de la vie, de la merveilleuse structure de la r\u00e9alit\u00e9. Il suffit qu&rsquo;on essaie simplement de comprendre chaque jour un peu de ce myst\u00e8re.\u00a0\u00bb<\/span><\/span><\/span><\/p>\n<p>&nbsp;<\/p>\n","protected":false},"excerpt":{"rendered":"<p>Les propri\u00e9taires sont Egbert Brehm et Ilja Tammen.\u00a0 Apr\u00e8s vingt-cinq ans de vie avec grand plaisir \u00e0 Amsterdam, il est devenu de plus en plus clair pour nous, apr\u00e8s une p\u00e9riode d&rsquo;introspection et de travail personnel, que nous avions le d\u00e9sir de quitter la vie tr\u00e9pidante de la ville. A la recherche de plus d&rsquo;espace, [&hellip;]<\/p>\n","protected":false},"author":1,"featured_media":7698,"parent":0,"menu_order":0,"comment_status":"closed","ping_status":"closed","template":"","meta":{"_acf_changed":false,"_joinchat":[],"footnotes":""},"class_list":["post-5628","page","type-page","status-publish","has-post-thumbnail","hentry"],"acf":[],"yoast_head":"<!-- This site is optimized with the Yoast SEO plugin v27.5 - https:\/\/yoast.com\/product\/yoast-seo-wordpress\/ -->\n<title>Les propri\u00e9taires - La Perle d&#039;Anrosey<\/title>\n<meta name=\"robots\" content=\"index, follow, max-snippet:-1, max-image-preview:large, max-video-preview:-1\" \/>\n<link rel=\"canonical\" href=\"https:\/\/laperledanrosey.nl\/fr\/over-ons\/\" \/>\n<meta property=\"og:locale\" content=\"fr_FR\" \/>\n<meta property=\"og:type\" content=\"article\" \/>\n<meta property=\"og:title\" content=\"Les propri\u00e9taires - La Perle d&#039;Anrosey\" \/>\n<meta property=\"og:description\" content=\"Les propri\u00e9taires sont Egbert Brehm et Ilja Tammen.\u00a0 Apr\u00e8s vingt-cinq ans de vie avec grand plaisir \u00e0 Amsterdam, il est devenu de plus en plus clair pour nous, apr\u00e8s une p\u00e9riode d&rsquo;introspection et de travail personnel, que nous avions le d\u00e9sir de quitter la vie tr\u00e9pidante de la ville. A la recherche de plus d&rsquo;espace, [&hellip;]\" \/>\n<meta property=\"og:url\" content=\"https:\/\/laperledanrosey.nl\/fr\/over-ons\/\" \/>\n<meta property=\"og:site_name\" content=\"La Perle d&#039;Anrosey\" \/>\n<meta property=\"article:publisher\" content=\"https:\/\/www.facebook.com\/La-Perle-dAnrosey-Chambres-dHotes-BB-242599479201961\/?eid=ARC3JPriV08_7MtcuQQhABL0yQE0ZG26r6p6cKUmnd-jWSiUV8XpBh5_Gjm2PwOaZhpGdmDl65THhVLi\" \/>\n<meta property=\"article:modified_time\" content=\"2022-11-19T12:36:38+00:00\" \/>\n<meta property=\"og:image\" content=\"https:\/\/laperledanrosey.nl\/wp-content\/uploads\/2019\/05\/egbert-ilja-2019-la-Perle-dAnrosey-2.jpeg\" \/>\n\t<meta property=\"og:image:width\" content=\"3535\" \/>\n\t<meta property=\"og:image:height\" content=\"1308\" \/>\n\t<meta property=\"og:image:type\" content=\"image\/jpeg\" \/>\n<meta name=\"twitter:card\" content=\"summary_large_image\" \/>\n<meta name=\"twitter:label1\" content=\"Dur\u00e9e de lecture estim\u00e9e\" \/>\n\t<meta name=\"twitter:data1\" content=\"3 minutes\" \/>\n<script type=\"application\/ld+json\" class=\"yoast-schema-graph\">{\"@context\":\"https:\\\/\\\/schema.org\",\"@graph\":[{\"@type\":\"WebPage\",\"@id\":\"https:\\\/\\\/laperledanrosey.nl\\\/fr\\\/over-ons\\\/\",\"url\":\"https:\\\/\\\/laperledanrosey.nl\\\/fr\\\/over-ons\\\/\",\"name\":\"Les propri\u00e9taires - La Perle d'Anrosey\",\"isPartOf\":{\"@id\":\"https:\\\/\\\/laperledanrosey.nl\\\/#website\"},\"primaryImageOfPage\":{\"@id\":\"https:\\\/\\\/laperledanrosey.nl\\\/fr\\\/over-ons\\\/#primaryimage\"},\"image\":{\"@id\":\"https:\\\/\\\/laperledanrosey.nl\\\/fr\\\/over-ons\\\/#primaryimage\"},\"thumbnailUrl\":\"https:\\\/\\\/laperledanrosey.nl\\\/wp-content\\\/uploads\\\/2019\\\/05\\\/egbert-ilja-2019-la-Perle-dAnrosey-2.jpeg\",\"datePublished\":\"2015-11-16T13:08:36+00:00\",\"dateModified\":\"2022-11-19T12:36:38+00:00\",\"breadcrumb\":{\"@id\":\"https:\\\/\\\/laperledanrosey.nl\\\/fr\\\/over-ons\\\/#breadcrumb\"},\"inLanguage\":\"fr-FR\",\"potentialAction\":[{\"@type\":\"ReadAction\",\"target\":[\"https:\\\/\\\/laperledanrosey.nl\\\/fr\\\/over-ons\\\/\"]}]},{\"@type\":\"ImageObject\",\"inLanguage\":\"fr-FR\",\"@id\":\"https:\\\/\\\/laperledanrosey.nl\\\/fr\\\/over-ons\\\/#primaryimage\",\"url\":\"https:\\\/\\\/laperledanrosey.nl\\\/wp-content\\\/uploads\\\/2019\\\/05\\\/egbert-ilja-2019-la-Perle-dAnrosey-2.jpeg\",\"contentUrl\":\"https:\\\/\\\/laperledanrosey.nl\\\/wp-content\\\/uploads\\\/2019\\\/05\\\/egbert-ilja-2019-la-Perle-dAnrosey-2.jpeg\",\"width\":3535,\"height\":1308},{\"@type\":\"BreadcrumbList\",\"@id\":\"https:\\\/\\\/laperledanrosey.nl\\\/fr\\\/over-ons\\\/#breadcrumb\",\"itemListElement\":[{\"@type\":\"ListItem\",\"position\":1,\"name\":\"Home\",\"item\":\"https:\\\/\\\/laperledanrosey.nl\\\/fr\\\/\"},{\"@type\":\"ListItem\",\"position\":2,\"name\":\"Les propri\u00e9taires\"}]},{\"@type\":\"WebSite\",\"@id\":\"https:\\\/\\\/laperledanrosey.nl\\\/#website\",\"url\":\"https:\\\/\\\/laperledanrosey.nl\\\/\",\"name\":\"La Perle d'Anrosey\",\"description\":\"\",\"potentialAction\":[{\"@type\":\"SearchAction\",\"target\":{\"@type\":\"EntryPoint\",\"urlTemplate\":\"https:\\\/\\\/laperledanrosey.nl\\\/?s={search_term_string}\"},\"query-input\":{\"@type\":\"PropertyValueSpecification\",\"valueRequired\":true,\"valueName\":\"search_term_string\"}}],\"inLanguage\":\"fr-FR\"}]}<\/script>\n<!-- \/ Yoast SEO plugin. -->","yoast_head_json":{"title":"Les propri\u00e9taires - La Perle d'Anrosey","robots":{"index":"index","follow":"follow","max-snippet":"max-snippet:-1","max-image-preview":"max-image-preview:large","max-video-preview":"max-video-preview:-1"},"canonical":"https:\/\/laperledanrosey.nl\/fr\/over-ons\/","og_locale":"fr_FR","og_type":"article","og_title":"Les propri\u00e9taires - La Perle d'Anrosey","og_description":"Les propri\u00e9taires sont Egbert Brehm et Ilja Tammen.\u00a0 Apr\u00e8s vingt-cinq ans de vie avec grand plaisir \u00e0 Amsterdam, il est devenu de plus en plus clair pour nous, apr\u00e8s une p\u00e9riode d&rsquo;introspection et de travail personnel, que nous avions le d\u00e9sir de quitter la vie tr\u00e9pidante de la ville. A la recherche de plus d&rsquo;espace, [&hellip;]","og_url":"https:\/\/laperledanrosey.nl\/fr\/over-ons\/","og_site_name":"La Perle d'Anrosey","article_publisher":"https:\/\/www.facebook.com\/La-Perle-dAnrosey-Chambres-dHotes-BB-242599479201961\/?eid=ARC3JPriV08_7MtcuQQhABL0yQE0ZG26r6p6cKUmnd-jWSiUV8XpBh5_Gjm2PwOaZhpGdmDl65THhVLi","article_modified_time":"2022-11-19T12:36:38+00:00","og_image":[{"width":3535,"height":1308,"url":"https:\/\/laperledanrosey.nl\/wp-content\/uploads\/2019\/05\/egbert-ilja-2019-la-Perle-dAnrosey-2.jpeg","type":"image\/jpeg"}],"twitter_card":"summary_large_image","twitter_misc":{"Dur\u00e9e de lecture estim\u00e9e":"3 minutes"},"schema":{"@context":"https:\/\/schema.org","@graph":[{"@type":"WebPage","@id":"https:\/\/laperledanrosey.nl\/fr\/over-ons\/","url":"https:\/\/laperledanrosey.nl\/fr\/over-ons\/","name":"Les propri\u00e9taires - La Perle d'Anrosey","isPartOf":{"@id":"https:\/\/laperledanrosey.nl\/#website"},"primaryImageOfPage":{"@id":"https:\/\/laperledanrosey.nl\/fr\/over-ons\/#primaryimage"},"image":{"@id":"https:\/\/laperledanrosey.nl\/fr\/over-ons\/#primaryimage"},"thumbnailUrl":"https:\/\/laperledanrosey.nl\/wp-content\/uploads\/2019\/05\/egbert-ilja-2019-la-Perle-dAnrosey-2.jpeg","datePublished":"2015-11-16T13:08:36+00:00","dateModified":"2022-11-19T12:36:38+00:00","breadcrumb":{"@id":"https:\/\/laperledanrosey.nl\/fr\/over-ons\/#breadcrumb"},"inLanguage":"fr-FR","potentialAction":[{"@type":"ReadAction","target":["https:\/\/laperledanrosey.nl\/fr\/over-ons\/"]}]},{"@type":"ImageObject","inLanguage":"fr-FR","@id":"https:\/\/laperledanrosey.nl\/fr\/over-ons\/#primaryimage","url":"https:\/\/laperledanrosey.nl\/wp-content\/uploads\/2019\/05\/egbert-ilja-2019-la-Perle-dAnrosey-2.jpeg","contentUrl":"https:\/\/laperledanrosey.nl\/wp-content\/uploads\/2019\/05\/egbert-ilja-2019-la-Perle-dAnrosey-2.jpeg","width":3535,"height":1308},{"@type":"BreadcrumbList","@id":"https:\/\/laperledanrosey.nl\/fr\/over-ons\/#breadcrumb","itemListElement":[{"@type":"ListItem","position":1,"name":"Home","item":"https:\/\/laperledanrosey.nl\/fr\/"},{"@type":"ListItem","position":2,"name":"Les propri\u00e9taires"}]},{"@type":"WebSite","@id":"https:\/\/laperledanrosey.nl\/#website","url":"https:\/\/laperledanrosey.nl\/","name":"La Perle d'Anrosey","description":"","potentialAction":[{"@type":"SearchAction","target":{"@type":"EntryPoint","urlTemplate":"https:\/\/laperledanrosey.nl\/?s={search_term_string}"},"query-input":{"@type":"PropertyValueSpecification","valueRequired":true,"valueName":"search_term_string"}}],"inLanguage":"fr-FR"}]}},"_links":{"self":[{"href":"https:\/\/laperledanrosey.nl\/fr\/wp-json\/wp\/v2\/pages\/5628","targetHints":{"allow":["GET"]}}],"collection":[{"href":"https:\/\/laperledanrosey.nl\/fr\/wp-json\/wp\/v2\/pages"}],"about":[{"href":"https:\/\/laperledanrosey.nl\/fr\/wp-json\/wp\/v2\/types\/page"}],"author":[{"embeddable":true,"href":"https:\/\/laperledanrosey.nl\/fr\/wp-json\/wp\/v2\/users\/1"}],"replies":[{"embeddable":true,"href":"https:\/\/laperledanrosey.nl\/fr\/wp-json\/wp\/v2\/comments?post=5628"}],"version-history":[{"count":15,"href":"https:\/\/laperledanrosey.nl\/fr\/wp-json\/wp\/v2\/pages\/5628\/revisions"}],"predecessor-version":[{"id":10121,"href":"https:\/\/laperledanrosey.nl\/fr\/wp-json\/wp\/v2\/pages\/5628\/revisions\/10121"}],"wp:featuredmedia":[{"embeddable":true,"href":"https:\/\/laperledanrosey.nl\/fr\/wp-json\/wp\/v2\/media\/7698"}],"wp:attachment":[{"href":"https:\/\/laperledanrosey.nl\/fr\/wp-json\/wp\/v2\/media?parent=5628"}],"curies":[{"name":"wp","href":"https:\/\/api.w.org\/{rel}","templated":true}]}}