{"id":5617,"date":"2015-12-12T10:18:50","date_gmt":"2015-12-12T10:18:50","guid":{"rendered":"https:\/\/laperledanrosey.nl\/route\/"},"modified":"2022-11-19T12:30:44","modified_gmt":"2022-11-19T12:30:44","slug":"route","status":"publish","type":"page","link":"https:\/\/laperledanrosey.nl\/fr\/route\/","title":{"rendered":"Route"},"content":{"rendered":"\r\n<p><iframe src=\"https:\/\/www.google.com\/maps\/d\/embed?mid=1HXzj1OpKCHUK8ERr5BZHZKE1vQRN0pB7&amp;hl=nl\" width=\"900\" height=\"350\"><\/iframe><\/p>\r\n<p>&nbsp;<\/p>\r\n<p><span class=\"HwtZe\" lang=\"fr\"><span class=\"jCAhz ChMk0b\"><span class=\"ryNqvb\">Anrosey se situe l\u00e9g\u00e8rement \u00e0 l&rsquo;est de l&rsquo;ancienne ville fortifi\u00e9e de Langres.<\/span><\/span> <span class=\"jCAhz ChMk0b\"><span class=\"ryNqvb\">Entre la sortie 8 (Montigny le Roi) et la sortie 6 (Langres-sud) de l&rsquo;A31.<\/span><\/span> <span class=\"jCAhz ChMk0b\"><span class=\"ryNqvb\">Pour visiter La Perle d&rsquo;Anrosey, roulez parall\u00e8lement \u00e0 l&rsquo;autoroute sur quelques km \u00e0 travers la campagne fran\u00e7aise sans d\u00e9tour important.<\/span><\/span><\/span><\/p>\r\n\r\n\r\n\r\n<h4 class=\"wp-block-heading\"><span style=\"color: #87ad19;\"><strong><span class=\"HwtZe\" lang=\"fr\"><span class=\"jCAhz ChMk0b\"><span class=\"ryNqvb\">Route vers Anrosey depuis l&rsquo;A31 en venant de Nancy<\/span><\/span><\/span><\/strong><\/span><\/h4>\r\n\r\n\r\n\r\n<p><span class=\"HwtZe\" lang=\"fr\"><span class=\"jCAhz ChMk0b\"><span class=\"ryNqvb\">De l&rsquo;A31 en venant de Nancy prendre la sortie 8, Montigny le Roi.<\/span><\/span> <span class=\"jCAhz ChMk0b\"><span class=\"ryNqvb\">Prendre ensuite \u00e0 droite direction Bourbonne-les-Bains, la D417.<\/span><\/span> <span class=\"jCAhz ChMk0b\"><span class=\"ryNqvb\">A Bourbonne-les-Bains rester sur la D417 au deuxi\u00e8me rond-point prendre \u00e0 gauche direction Lafert\u00e9\/Fayl-Billot, la D460.<\/span><\/span> <span class=\"jCAhz ChMk0b\"><span class=\"ryNqvb\">Celui-ci vous suivra.<\/span><\/span> <span class=\"jCAhz ChMk0b\"><span class=\"ryNqvb\">Environ un kilom\u00e8tre apr\u00e8s la sortie de Lafert\u00e9, vous tournez \u00e0 droite vers Anrosey sur la D34.<\/span><\/span> <span class=\"jCAhz ChMk0b\"><span class=\"ryNqvb\">Au milieu du village, la route fait un virage serr\u00e9 vers la gauche et tout de suite apr\u00e8s encore vers la droite.<\/span><\/span> <span class=\"jCAhz ChMk0b\"><span class=\"ryNqvb\">Dans ce 2\u00e8me virage vous trouverez notre maison sur votre gauche.<\/span><\/span> <span class=\"jCAhz ChMk0b\"><span class=\"ryNqvb\">Remarque : Ces directions ne correspondent souvent pas aux itin\u00e9raires des planificateurs d&rsquo;itin\u00e9raires GPS, mais vous am\u00e8neront \u00e0 Anrosey \u00e0 peu pr\u00e8s en m\u00eame temps, mais via les routes d\u00e9partementales.<\/span><\/span><\/span><\/p>\r\n\r\n\r\n\r\n<h4 class=\"wp-block-heading\"><span style=\"color: #87ad19;\"><strong><span class=\"HwtZe\" lang=\"fr\"><span class=\"jCAhz ChMk0b\"><span class=\"ryNqvb\">Route vers Anrosey depuis l&rsquo;A31 en venant de Dijon<\/span><\/span><\/span><\/strong><\/span><\/h4>\r\n\r\n\r\n\r\n<p><span class=\"HwtZe\" lang=\"fr\"><span class=\"jCAhz ChMk0b\"><span class=\"ryNqvb\">De l&rsquo;A31 en venant de Lyon\/Dijon prendre la sortie 6, Langres-sud.<\/span><\/span> <span class=\"jCAhz ChMk0b\"><span class=\"ryNqvb\">Suivre ensuite Langres par la D428.<\/span><\/span> <span class=\"jCAhz ChMk0b\"><span class=\"ryNqvb\">A Saint-Geosmes, prendre la sortie Langres et s&rsquo;engager sur la D974.<\/span><\/span> <span class=\"jCAhz ChMk0b\"><span class=\"ryNqvb\">Arriv\u00e9 \u00e0 Langres, tournez \u00e0 droite au grand rond-point en suivant la direction de Vesoul.<\/span><\/span> <span class=\"jCAhz ChMk0b\"><span class=\"ryNqvb\">Ceux-ci vous m\u00e8nent directement \u00e0 la RN19.<\/span><\/span> <span class=\"jCAhz ChMk0b\"><span class=\"ryNqvb\">Rester sur la RN19 en direction de Vesoul jusqu&rsquo;\u00e0 environ 3 km apr\u00e8s le village de Fayl-Billot.<\/span><\/span> <span class=\"jCAhz ChMk0b\"><span class=\"ryNqvb\">Voici un virage \u00e0 gauche vers Lafert\u00e9 \/ Bourbonne les Bains, la D460.<\/span><\/span> <span class=\"jCAhz ChMk0b\"><span class=\"ryNqvb\">Apr\u00e8s avoir pass\u00e9 Lafert\u00e9-Gare (= voie ferr\u00e9e) vous prendrez \u00e0 gauche vers Anrosey sur la D34.<\/span><\/span> <span class=\"jCAhz ChMk0b\"><span class=\"ryNqvb\">Au milieu du village, la route fait un virage serr\u00e9 vers la gauche et tout de suite apr\u00e8s encore vers la droite.<\/span><\/span> <span class=\"jCAhz ChMk0b\"><span class=\"ryNqvb\">Dans ce 2\u00e8me virage vous trouverez notre maison sur votre gauche.<\/span><\/span> <span class=\"jCAhz ChMk0b\"><span class=\"ryNqvb\">Remarque : Ces directions ne correspondent souvent pas aux itin\u00e9raires des planificateurs d&rsquo;itin\u00e9raires GPS, mais vous am\u00e8neront \u00e0 Anrosey \u00e0 peu pr\u00e8s en m\u00eame temps, mais via les routes d\u00e9partementales.<\/span><\/span><\/span><\/p>\r\n<h4><span style=\"color: #87ad19;\">Adresse:<\/span><\/h4>\r\n<p>La Perle d&rsquo;Anrosey, 15 Rue du Dr Vauthrin, 52500 Anrosey<\/p>\r\n<p>T\u00e9l\u00e9phone 0325 882001<\/p>\r\n\r\n\r\n\r\n<p>&nbsp;<\/p>\r\n<div id='gallery-1' class='gallery galleryid-5617 gallery-columns-5 gallery-size-thumbnail'><figure class='gallery-item'>\n\t\t\t<div class='gallery-icon landscape'>\n\t\t\t\t<img decoding=\"async\" width=\"150\" height=\"150\" src=\"https:\/\/laperledanrosey.nl\/wp-content\/uploads\/2015\/11\/DSC_0716-150x150.jpg\" class=\"attachment-thumbnail size-thumbnail\" alt=\"\" \/>\n\t\t\t<\/div><\/figure><figure class='gallery-item'>\n\t\t\t<div class='gallery-icon landscape'>\n\t\t\t\t<img decoding=\"async\" width=\"150\" height=\"150\" src=\"https:\/\/laperledanrosey.nl\/wp-content\/uploads\/2020\/01\/terras--150x150.jpg\" class=\"attachment-thumbnail size-thumbnail\" alt=\"\" \/>\n\t\t\t<\/div><\/figure><figure class='gallery-item'>\n\t\t\t<div class='gallery-icon landscape'>\n\t\t\t\t<img decoding=\"async\" width=\"150\" height=\"150\" src=\"https:\/\/laperledanrosey.nl\/wp-content\/uploads\/2018\/05\/Rust-Ruimte-150x150.jpg\" class=\"attachment-thumbnail size-thumbnail\" alt=\"2 stoelen\" \/>\n\t\t\t<\/div><\/figure><figure class='gallery-item'>\n\t\t\t<div class='gallery-icon landscape'>\n\t\t\t\t<img decoding=\"async\" width=\"150\" height=\"150\" src=\"https:\/\/laperledanrosey.nl\/wp-content\/uploads\/2018\/05\/Table-dh\u00f4tes-la-Perle-dAnrosey-150x150.jpg\" class=\"attachment-thumbnail size-thumbnail\" alt=\"Mooi gedekte lange  eettafel buiten klein\" srcset=\"https:\/\/laperledanrosey.nl\/wp-content\/uploads\/2018\/05\/Table-dh\u00f4tes-la-Perle-dAnrosey-150x150.jpg 150w, https:\/\/laperledanrosey.nl\/wp-content\/uploads\/2018\/05\/Table-dh\u00f4tes-la-Perle-dAnrosey.jpg 200w\" sizes=\"(max-width: 150px) 100vw, 150px\" \/>\n\t\t\t<\/div><\/figure><figure class='gallery-item'>\n\t\t\t<div class='gallery-icon landscape'>\n\t\t\t\t<img decoding=\"async\" width=\"150\" height=\"150\" src=\"https:\/\/laperledanrosey.nl\/wp-content\/uploads\/2018\/05\/Heuvels-rond-Anrosey-150x150.jpg\" class=\"attachment-thumbnail size-thumbnail\" alt=\"Heuvel rond Anrosey met schuurtje\" aria-describedby=\"gallery-1-6854\" \/>\n\t\t\t<\/div>\n\t\t\t\t<figcaption class='wp-caption-text gallery-caption' id='gallery-1-6854'>\n\t\t\t\tHeuvels rondom Anrosey\n\t\t\t\t<\/figcaption><\/figure><figure class='gallery-item'>\n\t\t\t<div class='gallery-icon landscape'>\n\t\t\t\t<img decoding=\"async\" width=\"150\" height=\"150\" src=\"https:\/\/laperledanrosey.nl\/wp-content\/uploads\/2018\/05\/Kamer-BB-la-perle-dAnrosey-150x150.jpg\" class=\"attachment-thumbnail size-thumbnail\" alt=\"Uitzicht op bomen door openstaand raam\" \/>\n\t\t\t<\/div><\/figure><figure class='gallery-item'>\n\t\t\t<div class='gallery-icon landscape'>\n\t\t\t\t<img decoding=\"async\" width=\"150\" height=\"150\" src=\"https:\/\/laperledanrosey.nl\/wp-content\/uploads\/2018\/05\/Volle-maan-vanuit-de-tuin-la-Perle-dAnrosey-150x150.jpg\" class=\"attachment-thumbnail size-thumbnail\" alt=\"Volle maan tussen donkere bomen\" \/>\n\t\t\t<\/div><\/figure><figure class='gallery-item'>\n\t\t\t<div class='gallery-icon landscape'>\n\t\t\t\t<img decoding=\"async\" width=\"150\" height=\"150\" src=\"https:\/\/laperledanrosey.nl\/wp-content\/uploads\/2015\/12\/PVA_1512-150x150.jpg\" class=\"attachment-thumbnail size-thumbnail\" alt=\"brede houten trap met leuning\" \/>\n\t\t\t<\/div><\/figure><figure class='gallery-item'>\n\t\t\t<div class='gallery-icon landscape'>\n\t\t\t\t<img decoding=\"async\" width=\"150\" height=\"150\" src=\"https:\/\/laperledanrosey.nl\/wp-content\/uploads\/2015\/11\/Workshops_-foto-2-150x150.jpg\" class=\"attachment-thumbnail size-thumbnail\" alt=\"Antieke bank met trapleuning\" \/>\n\t\t\t<\/div><\/figure><figure class='gallery-item'>\n\t\t\t<div class='gallery-icon portrait'>\n\t\t\t\t<img decoding=\"async\" width=\"150\" height=\"150\" src=\"https:\/\/laperledanrosey.nl\/wp-content\/uploads\/2015\/11\/Kamer-2-Le-Miroir-4-150x150.jpg\" class=\"attachment-thumbnail size-thumbnail\" alt=\"opgemaakt bed\" \/>\n\t\t\t<\/div><\/figure>\n\t\t<\/div>\n","protected":false},"excerpt":{"rendered":"<p>&nbsp; Anrosey se situe l\u00e9g\u00e8rement \u00e0 l&rsquo;est de l&rsquo;ancienne ville fortifi\u00e9e de Langres. Entre la sortie 8 (Montigny le Roi) et la sortie 6 (Langres-sud) de l&rsquo;A31. Pour visiter La Perle d&rsquo;Anrosey, roulez parall\u00e8lement \u00e0 l&rsquo;autoroute sur quelques km \u00e0 travers la campagne fran\u00e7aise sans d\u00e9tour important. Route vers Anrosey depuis l&rsquo;A31 en venant de [&hellip;]<\/p>\n","protected":false},"author":3,"featured_media":0,"parent":0,"menu_order":0,"comment_status":"closed","ping_status":"closed","template":"","meta":{"_acf_changed":false,"_joinchat":[],"footnotes":""},"class_list":["post-5617","page","type-page","status-publish","hentry"],"acf":[],"yoast_head":"<!-- This site is optimized with the Yoast SEO plugin v27.5 - https:\/\/yoast.com\/product\/yoast-seo-wordpress\/ -->\n<title>Route - La Perle d&#039;Anrosey<\/title>\n<meta name=\"description\" content=\"route naar Anrosey vanaf de\u00a0 autoroute A31 komend vanuit Nancy en komend vanuit Dijon \/ Lijon\" \/>\n<meta name=\"robots\" content=\"index, follow, max-snippet:-1, max-image-preview:large, max-video-preview:-1\" \/>\n<link rel=\"canonical\" href=\"https:\/\/laperledanrosey.nl\/fr\/route\/\" \/>\n<meta property=\"og:locale\" content=\"fr_FR\" \/>\n<meta property=\"og:type\" content=\"article\" \/>\n<meta property=\"og:title\" content=\"Route - La Perle d&#039;Anrosey\" \/>\n<meta property=\"og:description\" content=\"route naar Anrosey vanaf de\u00a0 autoroute A31 komend vanuit Nancy en komend vanuit Dijon \/ Lijon\" \/>\n<meta property=\"og:url\" content=\"https:\/\/laperledanrosey.nl\/fr\/route\/\" \/>\n<meta property=\"og:site_name\" content=\"La Perle d&#039;Anrosey\" \/>\n<meta property=\"article:publisher\" content=\"https:\/\/www.facebook.com\/La-Perle-dAnrosey-Chambres-dHotes-BB-242599479201961\/?eid=ARC3JPriV08_7MtcuQQhABL0yQE0ZG26r6p6cKUmnd-jWSiUV8XpBh5_Gjm2PwOaZhpGdmDl65THhVLi\" \/>\n<meta property=\"article:modified_time\" content=\"2022-11-19T12:30:44+00:00\" \/>\n<meta name=\"twitter:card\" content=\"summary_large_image\" \/>\n<meta name=\"twitter:label1\" content=\"Dur\u00e9e de lecture estim\u00e9e\" \/>\n\t<meta name=\"twitter:data1\" content=\"2 minutes\" \/>\n<script type=\"application\/ld+json\" class=\"yoast-schema-graph\">{\"@context\":\"https:\\\/\\\/schema.org\",\"@graph\":[{\"@type\":\"WebPage\",\"@id\":\"https:\\\/\\\/laperledanrosey.nl\\\/fr\\\/route\\\/\",\"url\":\"https:\\\/\\\/laperledanrosey.nl\\\/fr\\\/route\\\/\",\"name\":\"Route - La Perle d'Anrosey\",\"isPartOf\":{\"@id\":\"https:\\\/\\\/laperledanrosey.nl\\\/#website\"},\"datePublished\":\"2015-12-12T10:18:50+00:00\",\"dateModified\":\"2022-11-19T12:30:44+00:00\",\"description\":\"route naar Anrosey vanaf de\u00a0 autoroute A31 komend vanuit Nancy en komend vanuit Dijon \\\/ Lijon\",\"breadcrumb\":{\"@id\":\"https:\\\/\\\/laperledanrosey.nl\\\/fr\\\/route\\\/#breadcrumb\"},\"inLanguage\":\"fr-FR\",\"potentialAction\":[{\"@type\":\"ReadAction\",\"target\":[\"https:\\\/\\\/laperledanrosey.nl\\\/fr\\\/route\\\/\"]}]},{\"@type\":\"BreadcrumbList\",\"@id\":\"https:\\\/\\\/laperledanrosey.nl\\\/fr\\\/route\\\/#breadcrumb\",\"itemListElement\":[{\"@type\":\"ListItem\",\"position\":1,\"name\":\"Home\",\"item\":\"https:\\\/\\\/laperledanrosey.nl\\\/fr\\\/\"},{\"@type\":\"ListItem\",\"position\":2,\"name\":\"Route\"}]},{\"@type\":\"WebSite\",\"@id\":\"https:\\\/\\\/laperledanrosey.nl\\\/#website\",\"url\":\"https:\\\/\\\/laperledanrosey.nl\\\/\",\"name\":\"La Perle d'Anrosey\",\"description\":\"\",\"potentialAction\":[{\"@type\":\"SearchAction\",\"target\":{\"@type\":\"EntryPoint\",\"urlTemplate\":\"https:\\\/\\\/laperledanrosey.nl\\\/?s={search_term_string}\"},\"query-input\":{\"@type\":\"PropertyValueSpecification\",\"valueRequired\":true,\"valueName\":\"search_term_string\"}}],\"inLanguage\":\"fr-FR\"}]}<\/script>\n<!-- \/ Yoast SEO plugin. -->","yoast_head_json":{"title":"Route - La Perle d'Anrosey","description":"route naar Anrosey vanaf de\u00a0 autoroute A31 komend vanuit Nancy en komend vanuit Dijon \/ Lijon","robots":{"index":"index","follow":"follow","max-snippet":"max-snippet:-1","max-image-preview":"max-image-preview:large","max-video-preview":"max-video-preview:-1"},"canonical":"https:\/\/laperledanrosey.nl\/fr\/route\/","og_locale":"fr_FR","og_type":"article","og_title":"Route - La Perle d'Anrosey","og_description":"route naar Anrosey vanaf de\u00a0 autoroute A31 komend vanuit Nancy en komend vanuit Dijon \/ Lijon","og_url":"https:\/\/laperledanrosey.nl\/fr\/route\/","og_site_name":"La Perle d'Anrosey","article_publisher":"https:\/\/www.facebook.com\/La-Perle-dAnrosey-Chambres-dHotes-BB-242599479201961\/?eid=ARC3JPriV08_7MtcuQQhABL0yQE0ZG26r6p6cKUmnd-jWSiUV8XpBh5_Gjm2PwOaZhpGdmDl65THhVLi","article_modified_time":"2022-11-19T12:30:44+00:00","twitter_card":"summary_large_image","twitter_misc":{"Dur\u00e9e de lecture estim\u00e9e":"2 minutes"},"schema":{"@context":"https:\/\/schema.org","@graph":[{"@type":"WebPage","@id":"https:\/\/laperledanrosey.nl\/fr\/route\/","url":"https:\/\/laperledanrosey.nl\/fr\/route\/","name":"Route - La Perle d'Anrosey","isPartOf":{"@id":"https:\/\/laperledanrosey.nl\/#website"},"datePublished":"2015-12-12T10:18:50+00:00","dateModified":"2022-11-19T12:30:44+00:00","description":"route naar Anrosey vanaf de\u00a0 autoroute A31 komend vanuit Nancy en komend vanuit Dijon \/ Lijon","breadcrumb":{"@id":"https:\/\/laperledanrosey.nl\/fr\/route\/#breadcrumb"},"inLanguage":"fr-FR","potentialAction":[{"@type":"ReadAction","target":["https:\/\/laperledanrosey.nl\/fr\/route\/"]}]},{"@type":"BreadcrumbList","@id":"https:\/\/laperledanrosey.nl\/fr\/route\/#breadcrumb","itemListElement":[{"@type":"ListItem","position":1,"name":"Home","item":"https:\/\/laperledanrosey.nl\/fr\/"},{"@type":"ListItem","position":2,"name":"Route"}]},{"@type":"WebSite","@id":"https:\/\/laperledanrosey.nl\/#website","url":"https:\/\/laperledanrosey.nl\/","name":"La Perle d'Anrosey","description":"","potentialAction":[{"@type":"SearchAction","target":{"@type":"EntryPoint","urlTemplate":"https:\/\/laperledanrosey.nl\/?s={search_term_string}"},"query-input":{"@type":"PropertyValueSpecification","valueRequired":true,"valueName":"search_term_string"}}],"inLanguage":"fr-FR"}]}},"_links":{"self":[{"href":"https:\/\/laperledanrosey.nl\/fr\/wp-json\/wp\/v2\/pages\/5617","targetHints":{"allow":["GET"]}}],"collection":[{"href":"https:\/\/laperledanrosey.nl\/fr\/wp-json\/wp\/v2\/pages"}],"about":[{"href":"https:\/\/laperledanrosey.nl\/fr\/wp-json\/wp\/v2\/types\/page"}],"author":[{"embeddable":true,"href":"https:\/\/laperledanrosey.nl\/fr\/wp-json\/wp\/v2\/users\/3"}],"replies":[{"embeddable":true,"href":"https:\/\/laperledanrosey.nl\/fr\/wp-json\/wp\/v2\/comments?post=5617"}],"version-history":[{"count":20,"href":"https:\/\/laperledanrosey.nl\/fr\/wp-json\/wp\/v2\/pages\/5617\/revisions"}],"predecessor-version":[{"id":10115,"href":"https:\/\/laperledanrosey.nl\/fr\/wp-json\/wp\/v2\/pages\/5617\/revisions\/10115"}],"wp:attachment":[{"href":"https:\/\/laperledanrosey.nl\/fr\/wp-json\/wp\/v2\/media?parent=5617"}],"curies":[{"name":"wp","href":"https:\/\/api.w.org\/{rel}","templated":true}]}}