{"id":5605,"date":"2016-11-14T21:18:24","date_gmt":"2016-11-14T21:18:24","guid":{"rendered":"https:\/\/laperledanrosey.nl\/direct-reserveren\/"},"modified":"2022-11-19T09:23:17","modified_gmt":"2022-11-19T09:23:17","slug":"direct-reserveren","status":"publish","type":"page","link":"https:\/\/laperledanrosey.nl\/fr\/direct-reserveren\/","title":{"rendered":"Direct reserveren"},"content":{"rendered":"<p><span class=\"HwtZe\" lang=\"fr\"><span class=\"jCAhz ChMk0b\"><span class=\"ryNqvb\">V\u00e9rifiez la disponibilit\u00e9 des chambres et r\u00e9servez d\u00e8s maintenant votre nuit\u00e9e ou votre forfait complet.<\/span><\/span> <span class=\"jCAhz ChMk0b\"><span class=\"ryNqvb\">Sous la rubrique \u00ab\u00a0Dur\u00e9e du s\u00e9jour\u00a0\u00bb, vous trouverez un menu au choix pour les nuit\u00e9es \u00e0 la nuit\u00e9e ou pour la demi-pension ou la pension compl\u00e8te.<\/span><\/span> <span class=\"jCAhz ChMk0b\"><span class=\"ryNqvb\">Choisissez la chambre qui convient le mieux au nombre de personnes (plus de 2 ans) de votre groupe de voyage et v\u00e9rifiez (le cas \u00e9ch\u00e9ant) si un lit b\u00e9b\u00e9 peut \u00eatre ajout\u00e9.<\/span><\/span> <span class=\"jCAhz ChMk0b\"><span class=\"ryNqvb\">Continuez via le bouton &lsquo;Devis&gt;&rsquo;.<\/span><\/span> <span class=\"jCAhz ChMk0b\"><span class=\"ryNqvb\">Apr\u00e8s avoir envoy\u00e9 votre demande, vous recevrez imm\u00e9diatement la confirmation de r\u00e9servation par e-mail avec la demande d&rsquo;acompte.<\/span><\/span><\/span><\/p>\n<p><span class=\"HwtZe\" lang=\"fr\"><span class=\"jCAhz ChMk0b\"><span class=\"ryNqvb\">Si vous pr\u00e9f\u00e9rez faire une r\u00e9servation par email ou si vous avez une question, cliquez<\/span><\/span><\/span> <a href=\"https:\/\/laperledanrosey.nl\/fr\/contact\/\"><strong>ici.<\/strong><\/a><\/p>\n<p><iframe src=\"https:\/\/public2.reflexholiday.nl\/OnlineBooking\/Search\/Search.aspx?relation=6WFTHi07lSg%3d&amp;languageid=5&amp;locationid=0&amp;searchmode=1\" width=\"100%\" height=\"1250px\" frameborder=\"0\"><\/iframe><\/p>\n","protected":false},"excerpt":{"rendered":"<p>V\u00e9rifiez la disponibilit\u00e9 des chambres et r\u00e9servez d\u00e8s maintenant votre nuit\u00e9e ou votre forfait complet. Sous la rubrique \u00ab\u00a0Dur\u00e9e du s\u00e9jour\u00a0\u00bb, vous trouverez un menu au choix pour les nuit\u00e9es \u00e0 la nuit\u00e9e ou pour la demi-pension ou la pension compl\u00e8te. Choisissez la chambre qui convient le mieux au nombre de personnes (plus de 2 [&hellip;]<\/p>\n","protected":false},"author":3,"featured_media":0,"parent":0,"menu_order":0,"comment_status":"closed","ping_status":"closed","template":"","meta":{"_acf_changed":false,"_joinchat":[],"footnotes":""},"class_list":["post-5605","page","type-page","status-publish","hentry"],"acf":[],"yoast_head":"<!-- This site is optimized with the Yoast SEO plugin v27.5 - https:\/\/yoast.com\/product\/yoast-seo-wordpress\/ -->\n<title>La Perle d&#039;Anrosey.nl - veilig online uw kamer reserveren<\/title>\n<meta name=\"description\" content=\"Direct reserveren van uw overnachting-onderweg of vakantie arrangement bij chambres d&#039;hotes La Perle d&#039;Anrosey. Wel zo makkelijk.\" \/>\n<meta name=\"robots\" content=\"index, follow, max-snippet:-1, max-image-preview:large, max-video-preview:-1\" \/>\n<link rel=\"canonical\" href=\"https:\/\/laperledanrosey.nl\/fr\/direct-reserveren\/\" \/>\n<meta property=\"og:locale\" content=\"fr_FR\" \/>\n<meta property=\"og:type\" content=\"article\" \/>\n<meta property=\"og:title\" content=\"La Perle d&#039;Anrosey.nl - veilig online uw kamer reserveren\" \/>\n<meta property=\"og:description\" content=\"Direct reserveren van uw overnachting-onderweg of vakantie arrangement bij chambres d&#039;hotes La Perle d&#039;Anrosey. Wel zo makkelijk.\" \/>\n<meta property=\"og:url\" content=\"https:\/\/laperledanrosey.nl\/fr\/direct-reserveren\/\" \/>\n<meta property=\"og:site_name\" content=\"La Perle d&#039;Anrosey\" \/>\n<meta property=\"article:publisher\" content=\"https:\/\/www.facebook.com\/La-Perle-dAnrosey-Chambres-dHotes-BB-242599479201961\/?eid=ARC3JPriV08_7MtcuQQhABL0yQE0ZG26r6p6cKUmnd-jWSiUV8XpBh5_Gjm2PwOaZhpGdmDl65THhVLi\" \/>\n<meta property=\"article:modified_time\" content=\"2022-11-19T09:23:17+00:00\" \/>\n<meta name=\"twitter:card\" content=\"summary_large_image\" \/>\n<meta name=\"twitter:label1\" content=\"Dur\u00e9e de lecture estim\u00e9e\" \/>\n\t<meta name=\"twitter:data1\" content=\"1 minute\" \/>\n<script type=\"application\/ld+json\" class=\"yoast-schema-graph\">{\"@context\":\"https:\\\/\\\/schema.org\",\"@graph\":[{\"@type\":\"WebPage\",\"@id\":\"https:\\\/\\\/laperledanrosey.nl\\\/fr\\\/direct-reserveren\\\/\",\"url\":\"https:\\\/\\\/laperledanrosey.nl\\\/fr\\\/direct-reserveren\\\/\",\"name\":\"La Perle d'Anrosey.nl - veilig online uw kamer reserveren\",\"isPartOf\":{\"@id\":\"https:\\\/\\\/laperledanrosey.nl\\\/#website\"},\"datePublished\":\"2016-11-14T21:18:24+00:00\",\"dateModified\":\"2022-11-19T09:23:17+00:00\",\"description\":\"Direct reserveren van uw overnachting-onderweg of vakantie arrangement bij chambres d'hotes La Perle d'Anrosey. Wel zo makkelijk.\",\"breadcrumb\":{\"@id\":\"https:\\\/\\\/laperledanrosey.nl\\\/fr\\\/direct-reserveren\\\/#breadcrumb\"},\"inLanguage\":\"fr-FR\",\"potentialAction\":[{\"@type\":\"ReadAction\",\"target\":[\"https:\\\/\\\/laperledanrosey.nl\\\/fr\\\/direct-reserveren\\\/\"]}]},{\"@type\":\"BreadcrumbList\",\"@id\":\"https:\\\/\\\/laperledanrosey.nl\\\/fr\\\/direct-reserveren\\\/#breadcrumb\",\"itemListElement\":[{\"@type\":\"ListItem\",\"position\":1,\"name\":\"Home\",\"item\":\"https:\\\/\\\/laperledanrosey.nl\\\/fr\\\/\"},{\"@type\":\"ListItem\",\"position\":2,\"name\":\"Direct reserveren\"}]},{\"@type\":\"WebSite\",\"@id\":\"https:\\\/\\\/laperledanrosey.nl\\\/#website\",\"url\":\"https:\\\/\\\/laperledanrosey.nl\\\/\",\"name\":\"La Perle d'Anrosey\",\"description\":\"\",\"potentialAction\":[{\"@type\":\"SearchAction\",\"target\":{\"@type\":\"EntryPoint\",\"urlTemplate\":\"https:\\\/\\\/laperledanrosey.nl\\\/?s={search_term_string}\"},\"query-input\":{\"@type\":\"PropertyValueSpecification\",\"valueRequired\":true,\"valueName\":\"search_term_string\"}}],\"inLanguage\":\"fr-FR\"}]}<\/script>\n<!-- \/ Yoast SEO plugin. -->","yoast_head_json":{"title":"La Perle d'Anrosey.nl - veilig online uw kamer reserveren","description":"Direct reserveren van uw overnachting-onderweg of vakantie arrangement bij chambres d'hotes La Perle d'Anrosey. Wel zo makkelijk.","robots":{"index":"index","follow":"follow","max-snippet":"max-snippet:-1","max-image-preview":"max-image-preview:large","max-video-preview":"max-video-preview:-1"},"canonical":"https:\/\/laperledanrosey.nl\/fr\/direct-reserveren\/","og_locale":"fr_FR","og_type":"article","og_title":"La Perle d'Anrosey.nl - veilig online uw kamer reserveren","og_description":"Direct reserveren van uw overnachting-onderweg of vakantie arrangement bij chambres d'hotes La Perle d'Anrosey. Wel zo makkelijk.","og_url":"https:\/\/laperledanrosey.nl\/fr\/direct-reserveren\/","og_site_name":"La Perle d'Anrosey","article_publisher":"https:\/\/www.facebook.com\/La-Perle-dAnrosey-Chambres-dHotes-BB-242599479201961\/?eid=ARC3JPriV08_7MtcuQQhABL0yQE0ZG26r6p6cKUmnd-jWSiUV8XpBh5_Gjm2PwOaZhpGdmDl65THhVLi","article_modified_time":"2022-11-19T09:23:17+00:00","twitter_card":"summary_large_image","twitter_misc":{"Dur\u00e9e de lecture estim\u00e9e":"1 minute"},"schema":{"@context":"https:\/\/schema.org","@graph":[{"@type":"WebPage","@id":"https:\/\/laperledanrosey.nl\/fr\/direct-reserveren\/","url":"https:\/\/laperledanrosey.nl\/fr\/direct-reserveren\/","name":"La Perle d'Anrosey.nl - veilig online uw kamer reserveren","isPartOf":{"@id":"https:\/\/laperledanrosey.nl\/#website"},"datePublished":"2016-11-14T21:18:24+00:00","dateModified":"2022-11-19T09:23:17+00:00","description":"Direct reserveren van uw overnachting-onderweg of vakantie arrangement bij chambres d'hotes La Perle d'Anrosey. Wel zo makkelijk.","breadcrumb":{"@id":"https:\/\/laperledanrosey.nl\/fr\/direct-reserveren\/#breadcrumb"},"inLanguage":"fr-FR","potentialAction":[{"@type":"ReadAction","target":["https:\/\/laperledanrosey.nl\/fr\/direct-reserveren\/"]}]},{"@type":"BreadcrumbList","@id":"https:\/\/laperledanrosey.nl\/fr\/direct-reserveren\/#breadcrumb","itemListElement":[{"@type":"ListItem","position":1,"name":"Home","item":"https:\/\/laperledanrosey.nl\/fr\/"},{"@type":"ListItem","position":2,"name":"Direct reserveren"}]},{"@type":"WebSite","@id":"https:\/\/laperledanrosey.nl\/#website","url":"https:\/\/laperledanrosey.nl\/","name":"La Perle d'Anrosey","description":"","potentialAction":[{"@type":"SearchAction","target":{"@type":"EntryPoint","urlTemplate":"https:\/\/laperledanrosey.nl\/?s={search_term_string}"},"query-input":{"@type":"PropertyValueSpecification","valueRequired":true,"valueName":"search_term_string"}}],"inLanguage":"fr-FR"}]}},"_links":{"self":[{"href":"https:\/\/laperledanrosey.nl\/fr\/wp-json\/wp\/v2\/pages\/5605","targetHints":{"allow":["GET"]}}],"collection":[{"href":"https:\/\/laperledanrosey.nl\/fr\/wp-json\/wp\/v2\/pages"}],"about":[{"href":"https:\/\/laperledanrosey.nl\/fr\/wp-json\/wp\/v2\/types\/page"}],"author":[{"embeddable":true,"href":"https:\/\/laperledanrosey.nl\/fr\/wp-json\/wp\/v2\/users\/3"}],"replies":[{"embeddable":true,"href":"https:\/\/laperledanrosey.nl\/fr\/wp-json\/wp\/v2\/comments?post=5605"}],"version-history":[{"count":6,"href":"https:\/\/laperledanrosey.nl\/fr\/wp-json\/wp\/v2\/pages\/5605\/revisions"}],"predecessor-version":[{"id":10060,"href":"https:\/\/laperledanrosey.nl\/fr\/wp-json\/wp\/v2\/pages\/5605\/revisions\/10060"}],"wp:attachment":[{"href":"https:\/\/laperledanrosey.nl\/fr\/wp-json\/wp\/v2\/media?parent=5605"}],"curies":[{"name":"wp","href":"https:\/\/api.w.org\/{rel}","templated":true}]}}