{"id":10041,"date":"2022-11-18T18:55:04","date_gmt":"2022-11-18T18:55:04","guid":{"rendered":"https:\/\/laperledanrosey.nl\/?page_id=10041"},"modified":"2025-12-01T21:21:33","modified_gmt":"2025-12-01T21:21:33","slug":"gite-fleur-de-vie","status":"publish","type":"page","link":"https:\/\/laperledanrosey.nl\/fr\/gite-fleur-de-vie\/","title":{"rendered":"Gite Fleur de Vie"},"content":{"rendered":"<h2><span style=\"color: #87ad19;\">Gite Fleur de Vie<\/span><\/h2>\n<p><span class=\"HwtZe\" lang=\"fr\"><span class=\"jCAhz ChMk0b\"><span class=\"ryNqvb\">Une jolie maison de vacances avec un grand jardin et une vue imprenable sur la vall\u00e9e de l&rsquo;Amance.<\/span><\/span> <span class=\"jCAhz ChMk0b\"><span class=\"ryNqvb\">A 50 m\u00e8tres de nos chambres d&rsquo;h\u00f4tes.<\/span><\/span> <span class=\"jCAhz ChMk0b\"><span class=\"ryNqvb\">Vous souhaitez en savoir plus ou vous souhaitez r\u00e9server ?<\/span><\/span> <span class=\"jCAhz ChMk0b\"><span class=\"ryNqvb\">Envoyez-nous un message via Contact ou par e-mail ou par t\u00e9l\u00e9phone.<\/span><\/span> Au plaisir !<\/span><\/p>\n<h2><span class=\"HwtZe\" lang=\"fr\" style=\"color: #87ad19;\"><span class=\"jCAhz\"><span class=\"ryNqvb\">\u00a0<\/span><\/span><\/span><\/h2>\n<p><span class=\"HwtZe\" lang=\"fr\"><span class=\"jCAhz\"><span class=\"ryNqvb\">Situ\u00e9 en bordure de la vall\u00e9e de l&rsquo;Amance, cet agr\u00e9able g\u00eete dispose d&rsquo;un beau grand jardin. Il y a une pelouse pour bronzer, des terrasses, des fleurs, des arbres fruitiers et un noyer centenaire. Tout cela invite \u00e0 laisser filer les heures. La cuisine simple mais nouvelle est situ\u00e9e c\u00f4t\u00e9 jardin : manger dehors dans le jardin par une douce soir\u00e9e sous le ciel \u00e9toil\u00e9 est un jeu d&rsquo;enfant. <\/span><\/span><\/span><\/p>\n<h2><span class=\"HwtZe\" lang=\"fr\" style=\"color: #87ad19;\"><span class=\"jCAhz\"><span class=\"ryNqvb\">Simplicit\u00e9 <\/span><\/span><\/span><\/h2>\n<p><span class=\"HwtZe\" lang=\"fr\"><span class=\"jCAhz\"><span class=\"ryNqvb\">Le chalet est simple, mais a tout ce dont vous avez besoin. Elle dispose d&rsquo;une salle de bain spacieuse avec douche et lavabo, et d&rsquo;un WC s\u00e9par\u00e9. Un joli salon avec canap\u00e9, fauteuils et un authentique po\u00eale \u00e0 bois. Comme mentionn\u00e9, la cuisine lumineuse est situ\u00e9e sur le jardin et est meubl\u00e9e d&rsquo;une table \u00e0 manger. R\u00e9frig\u00e9rateur, lave-vaisselle, cuisini\u00e8re \u00e0 gaz, four \u00e9lectrique, cafeti\u00e8re, bouilloire et micro-ondes sont \u00e0 votre disposition. Il y a aussi le WIFI et une machine \u00e0 laver. Un vieil escalier vous emm\u00e8ne au premier \u00e9tage dans la chambre romantique pour deux personnes, avec vue sur la vall\u00e9e. Il y a un lavabo dans cette chambre. Une deuxi\u00e8me chambre est am\u00e9nag\u00e9e pour 2 personnes avec deux lits simples. Il y a aussi un deuxi\u00e8me WC \u00e0 l&rsquo;\u00e9tage. De cet endroit, vous pouvez commencer une longue promenade \u00e0 travers la vall\u00e9e, la for\u00eat et les collines. Ou installez-vous dans le jardin et prenez le temps de lire ce livre. Faire du v\u00e9lo dans cette r\u00e9gion est merveilleux mais stimulant et un plaisir pour les athl\u00e8tes plus exp\u00e9riment\u00e9s : les collines semblent belles, mais en faisant du v\u00e9lo, vous remarquerez bient\u00f4t que cela exige beaucoup de vous. Si vous aimez le vrai jeu de boules \u00e0 la fran\u00e7aise : le terrain de p\u00e9tanque du village est \u00e0 proximit\u00e9 pour une belle apr\u00e8s-midi.<\/span><\/span><\/span><\/p>\n<p><span class=\"HwtZe\" lang=\"fr\"><span class=\"jCAhz\"><span class=\"ryNqvb\">Des sorties <\/span><\/span><\/span><\/p>\n<p><span class=\"HwtZe\" lang=\"fr\"><span class=\"jCAhz\"><span class=\"ryNqvb\">Voulez-vous sortir? Pensez aux excursions vers la ville fortifi\u00e9e de Langres, ou vers Besan\u00e7on ou Dijon. Le Ch\u00e2teau de Fontaine-Fran\u00e7aise peut \u00eatre visit\u00e9 en \u00e9t\u00e9 et le village de B\u00e8ze est d&rsquo;une beaut\u00e9 pittoresque. Un must pour tous les amateurs d&rsquo;architecture est la chapelle du Corbusier, qui est une excursion d&rsquo;une journ\u00e9e mais qui en vaut la peine. Une visite au ch\u00e2teau de Cirey est int\u00e9ressante pour les passionn\u00e9s d&rsquo;histoire : le philosophe humain et rebelle Voltaire a v\u00e9cu et travaill\u00e9 ici avec la marquise Emilie du Ch\u00e2telet, et la maison-th\u00e9\u00e2tre d&rsquo;origine dans le grenier a \u00e9t\u00e9 conserv\u00e9e, entre autres. Il y a quelques bons restaurants dans les villages environnants, et vous pouvez faire vos courses dans un petit supermarch\u00e9 \u00e0 7 km.<\/span><\/span><\/span><\/p>\n<h2><span style=\"color: #87ad19;\"><span style=\"caret-color: #87ad19;\">\u00catre chez-soi\u00a0<\/span><\/span><\/h2>\n<p><span class=\"HwtZe\" lang=\"fr\"><span class=\"jCAhz\"><span class=\"ryNqvb\">Nous avons donn\u00e9 le nom Fleur de Vie en signe d&rsquo;appr\u00e9ciation pour le d\u00e9veloppement de la vitalit\u00e9 et de l&rsquo;inspiration ici \u00e0 Anrosey. C&rsquo;est notre souhait que nos h\u00f4tes se sentent chez-eux, \u00a0qu&rsquo;ils puissent profiter de la paix et de la simplicit\u00e9. Et comme si vous habitiez cette belle r\u00e9gion, en profiter pour vraiment se sentir chez-soi.\u00a0<\/span><\/span><\/span><\/p>\n<h2><span class=\"HwtZe\" lang=\"fr\" style=\"color: #87ad19;\"><span class=\"jCAhz ChMk0b\"><span class=\"ryNqvb\">Tarifs<\/span><\/span><\/span><\/h2>\n<p><span class=\"HwtZe\" lang=\"fr\"><span class=\"jCAhz ChMk0b\"><span class=\"ryNqvb\">G\u00eete Fleur de Vie, pouvant accueillir jusqu&rsquo;\u00e0 2 personnes , r\u00e9server est possible \u00e0 partir de 4 jours \u00a0\u20ac 100,- par jour , 600 \u20ac la semaine . ex taxe de tourisme. <\/span><\/span><span class=\"jCAhz ChMk0b\"><span class=\"ryNqvb\">Nettoyage final \u20ac 95,-Le linge de lit est fourni une fois.\u00a0<\/span><\/span><\/span><\/p>\n\n<!-- iframe plugin v.6.0 wordpress.org\/plugins\/iframe\/ -->\n<iframe src=\"http:\/\/public2.reflexholiday.nl\/OnlineBooking\/Calendar\/AccommodationCalendar.aspx?relation=6WFTHi07lSg%3d&#038;objectid=6Y%2f08C3hFCs%3d&#038;languageid=1&#038;isgroup=0\" width=\"100%\" height=\"180\" scrolling=\"yes\" class=\"iframe-class\" frameborder=\"0\"><\/iframe>\n\n","protected":false},"excerpt":{"rendered":"<p>Gite Fleur de Vie Une jolie maison de vacances avec un grand jardin et une vue imprenable sur la vall\u00e9e de l&rsquo;Amance. A 50 m\u00e8tres de nos chambres d&rsquo;h\u00f4tes. Vous souhaitez en savoir plus ou vous souhaitez r\u00e9server ? Envoyez-nous un message via Contact ou par e-mail ou par t\u00e9l\u00e9phone. Au plaisir ! \u00a0 Situ\u00e9 [&hellip;]<\/p>\n","protected":false},"author":3,"featured_media":0,"parent":0,"menu_order":0,"comment_status":"closed","ping_status":"closed","template":"","meta":{"_acf_changed":false,"_joinchat":[],"footnotes":""},"class_list":["post-10041","page","type-page","status-publish","hentry"],"acf":[],"yoast_head":"<!-- This site is optimized with the Yoast SEO plugin v27.5 - https:\/\/yoast.com\/product\/yoast-seo-wordpress\/ -->\n<title>Gite Fleur de Vie - La Perle d&#039;Anrosey<\/title>\n<meta name=\"robots\" content=\"index, follow, max-snippet:-1, max-image-preview:large, max-video-preview:-1\" \/>\n<link rel=\"canonical\" href=\"https:\/\/laperledanrosey.nl\/fr\/gite-fleur-de-vie\/\" \/>\n<meta property=\"og:locale\" content=\"fr_FR\" \/>\n<meta property=\"og:type\" content=\"article\" \/>\n<meta property=\"og:title\" content=\"Gite Fleur de Vie - La Perle d&#039;Anrosey\" \/>\n<meta property=\"og:description\" content=\"Gite Fleur de Vie Une jolie maison de vacances avec un grand jardin et une vue imprenable sur la vall\u00e9e de l&rsquo;Amance. A 50 m\u00e8tres de nos chambres d&rsquo;h\u00f4tes. Vous souhaitez en savoir plus ou vous souhaitez r\u00e9server ? Envoyez-nous un message via Contact ou par e-mail ou par t\u00e9l\u00e9phone. Au plaisir ! \u00a0 Situ\u00e9 [&hellip;]\" \/>\n<meta property=\"og:url\" content=\"https:\/\/laperledanrosey.nl\/fr\/gite-fleur-de-vie\/\" \/>\n<meta property=\"og:site_name\" content=\"La Perle d&#039;Anrosey\" \/>\n<meta property=\"article:publisher\" content=\"https:\/\/www.facebook.com\/La-Perle-dAnrosey-Chambres-dHotes-BB-242599479201961\/?eid=ARC3JPriV08_7MtcuQQhABL0yQE0ZG26r6p6cKUmnd-jWSiUV8XpBh5_Gjm2PwOaZhpGdmDl65THhVLi\" \/>\n<meta property=\"article:modified_time\" content=\"2025-12-01T21:21:33+00:00\" \/>\n<meta name=\"twitter:card\" content=\"summary_large_image\" \/>\n<meta name=\"twitter:label1\" content=\"Dur\u00e9e de lecture estim\u00e9e\" \/>\n\t<meta name=\"twitter:data1\" content=\"3 minutes\" \/>\n<script type=\"application\/ld+json\" class=\"yoast-schema-graph\">{\"@context\":\"https:\\\/\\\/schema.org\",\"@graph\":[{\"@type\":\"WebPage\",\"@id\":\"https:\\\/\\\/laperledanrosey.nl\\\/fr\\\/gite-fleur-de-vie\\\/\",\"url\":\"https:\\\/\\\/laperledanrosey.nl\\\/fr\\\/gite-fleur-de-vie\\\/\",\"name\":\"Gite Fleur de Vie - La Perle d'Anrosey\",\"isPartOf\":{\"@id\":\"https:\\\/\\\/laperledanrosey.nl\\\/#website\"},\"datePublished\":\"2022-11-18T18:55:04+00:00\",\"dateModified\":\"2025-12-01T21:21:33+00:00\",\"breadcrumb\":{\"@id\":\"https:\\\/\\\/laperledanrosey.nl\\\/fr\\\/gite-fleur-de-vie\\\/#breadcrumb\"},\"inLanguage\":\"fr-FR\",\"potentialAction\":[{\"@type\":\"ReadAction\",\"target\":[\"https:\\\/\\\/laperledanrosey.nl\\\/fr\\\/gite-fleur-de-vie\\\/\"]}]},{\"@type\":\"BreadcrumbList\",\"@id\":\"https:\\\/\\\/laperledanrosey.nl\\\/fr\\\/gite-fleur-de-vie\\\/#breadcrumb\",\"itemListElement\":[{\"@type\":\"ListItem\",\"position\":1,\"name\":\"Home\",\"item\":\"https:\\\/\\\/laperledanrosey.nl\\\/fr\\\/\"},{\"@type\":\"ListItem\",\"position\":2,\"name\":\"Gite Fleur de Vie\"}]},{\"@type\":\"WebSite\",\"@id\":\"https:\\\/\\\/laperledanrosey.nl\\\/#website\",\"url\":\"https:\\\/\\\/laperledanrosey.nl\\\/\",\"name\":\"La Perle d'Anrosey\",\"description\":\"\",\"potentialAction\":[{\"@type\":\"SearchAction\",\"target\":{\"@type\":\"EntryPoint\",\"urlTemplate\":\"https:\\\/\\\/laperledanrosey.nl\\\/?s={search_term_string}\"},\"query-input\":{\"@type\":\"PropertyValueSpecification\",\"valueRequired\":true,\"valueName\":\"search_term_string\"}}],\"inLanguage\":\"fr-FR\"}]}<\/script>\n<!-- \/ Yoast SEO plugin. -->","yoast_head_json":{"title":"Gite Fleur de Vie - La Perle d'Anrosey","robots":{"index":"index","follow":"follow","max-snippet":"max-snippet:-1","max-image-preview":"max-image-preview:large","max-video-preview":"max-video-preview:-1"},"canonical":"https:\/\/laperledanrosey.nl\/fr\/gite-fleur-de-vie\/","og_locale":"fr_FR","og_type":"article","og_title":"Gite Fleur de Vie - La Perle d'Anrosey","og_description":"Gite Fleur de Vie Une jolie maison de vacances avec un grand jardin et une vue imprenable sur la vall\u00e9e de l&rsquo;Amance. A 50 m\u00e8tres de nos chambres d&rsquo;h\u00f4tes. Vous souhaitez en savoir plus ou vous souhaitez r\u00e9server ? Envoyez-nous un message via Contact ou par e-mail ou par t\u00e9l\u00e9phone. Au plaisir ! \u00a0 Situ\u00e9 [&hellip;]","og_url":"https:\/\/laperledanrosey.nl\/fr\/gite-fleur-de-vie\/","og_site_name":"La Perle d'Anrosey","article_publisher":"https:\/\/www.facebook.com\/La-Perle-dAnrosey-Chambres-dHotes-BB-242599479201961\/?eid=ARC3JPriV08_7MtcuQQhABL0yQE0ZG26r6p6cKUmnd-jWSiUV8XpBh5_Gjm2PwOaZhpGdmDl65THhVLi","article_modified_time":"2025-12-01T21:21:33+00:00","twitter_card":"summary_large_image","twitter_misc":{"Dur\u00e9e de lecture estim\u00e9e":"3 minutes"},"schema":{"@context":"https:\/\/schema.org","@graph":[{"@type":"WebPage","@id":"https:\/\/laperledanrosey.nl\/fr\/gite-fleur-de-vie\/","url":"https:\/\/laperledanrosey.nl\/fr\/gite-fleur-de-vie\/","name":"Gite Fleur de Vie - La Perle d'Anrosey","isPartOf":{"@id":"https:\/\/laperledanrosey.nl\/#website"},"datePublished":"2022-11-18T18:55:04+00:00","dateModified":"2025-12-01T21:21:33+00:00","breadcrumb":{"@id":"https:\/\/laperledanrosey.nl\/fr\/gite-fleur-de-vie\/#breadcrumb"},"inLanguage":"fr-FR","potentialAction":[{"@type":"ReadAction","target":["https:\/\/laperledanrosey.nl\/fr\/gite-fleur-de-vie\/"]}]},{"@type":"BreadcrumbList","@id":"https:\/\/laperledanrosey.nl\/fr\/gite-fleur-de-vie\/#breadcrumb","itemListElement":[{"@type":"ListItem","position":1,"name":"Home","item":"https:\/\/laperledanrosey.nl\/fr\/"},{"@type":"ListItem","position":2,"name":"Gite Fleur de Vie"}]},{"@type":"WebSite","@id":"https:\/\/laperledanrosey.nl\/#website","url":"https:\/\/laperledanrosey.nl\/","name":"La Perle d'Anrosey","description":"","potentialAction":[{"@type":"SearchAction","target":{"@type":"EntryPoint","urlTemplate":"https:\/\/laperledanrosey.nl\/?s={search_term_string}"},"query-input":{"@type":"PropertyValueSpecification","valueRequired":true,"valueName":"search_term_string"}}],"inLanguage":"fr-FR"}]}},"_links":{"self":[{"href":"https:\/\/laperledanrosey.nl\/fr\/wp-json\/wp\/v2\/pages\/10041","targetHints":{"allow":["GET"]}}],"collection":[{"href":"https:\/\/laperledanrosey.nl\/fr\/wp-json\/wp\/v2\/pages"}],"about":[{"href":"https:\/\/laperledanrosey.nl\/fr\/wp-json\/wp\/v2\/types\/page"}],"author":[{"embeddable":true,"href":"https:\/\/laperledanrosey.nl\/fr\/wp-json\/wp\/v2\/users\/3"}],"replies":[{"embeddable":true,"href":"https:\/\/laperledanrosey.nl\/fr\/wp-json\/wp\/v2\/comments?post=10041"}],"version-history":[{"count":12,"href":"https:\/\/laperledanrosey.nl\/fr\/wp-json\/wp\/v2\/pages\/10041\/revisions"}],"predecessor-version":[{"id":10373,"href":"https:\/\/laperledanrosey.nl\/fr\/wp-json\/wp\/v2\/pages\/10041\/revisions\/10373"}],"wp:attachment":[{"href":"https:\/\/laperledanrosey.nl\/fr\/wp-json\/wp\/v2\/media?parent=10041"}],"curies":[{"name":"wp","href":"https:\/\/api.w.org\/{rel}","templated":true}]}}